{"id":995,"date":"2024-04-03T10:00:57","date_gmt":"2024-04-03T13:00:57","guid":{"rendered":"https:\/\/www.labre.com.ar\/?page_id=995"},"modified":"2024-04-03T10:06:49","modified_gmt":"2024-04-03T13:06:49","slug":"congresos","status":"publish","type":"page","link":"https:\/\/www.labre.com.ar\/es\/congresos\/","title":{"rendered":"Congresos"},"content":{"rendered":"<p>Congresos:<\/p>\n<ul>\n<li>Oviedo-Diego M, Mattoni CI, Hebets E &amp; Peretti AV. <strong>2023<\/strong>. What is behind the plug: determinants of an inter-sexual mating plug in a scorpion, 22nd International Congress of Arachnology, Montevideo, Uruguay, Book Abstracts p99 [Oral presentation]<\/li>\n<\/ul>\n<ul>\n<li>Oviedo-Diego M, Mattoni CI &amp; Peretti AV. <strong>2023<\/strong>. Are courtship behaviors associated with the mating plug traits in a monandrous scorpion species?, Evolution Meeting, New Mexico, USA, [Oral presentation]<\/li>\n<\/ul>\n<ul>\n<li>Oviedo-Diego M., Mattoni C.I., Peretti A.V. <strong>2022<\/strong>. &#8220;Males make mistakes but females call the shots: female resistance as a partial reproductive isolating mechanism in scorpions&#8221;. <strong>American Arachnological Society, 2022 California, Davis USA.<\/strong><\/li>\n<\/ul>\n<ul>\n<li>Izquierdo M.A., Dederichs T.M., <u>Cargnelutti F.<\/u>, Michalik P. <strong>2022<\/strong>. &#8220;A lot of secrets in a tiny spider: the peculiar sexual behavior and genital mechanics of a Ninetinae pholcid&#8221;. <strong>American Arachnological Society, 2022 California, Davis USA.<\/strong><\/li>\n<\/ul>\n<ul>\n<li>Cargnelutti, F; Calbacho-Rosa, L; C\u00f3rdoba-Aguilar, A, Peretti, A.V. <strong>2021<\/strong>. &#8220;La poliginia afecta el cortejo copulatorio pero no la transferencia espermatica en la ara\u00f1a Holocemus Pluchei&#8221;\u00a0<strong>XXXVIII Encontro Anual de Etologia &#8211; III Reuni\u00e3o de Biologia do Comportamento do Cone Sul, <\/strong>Juiz de Fora, Minas Gerais, Brazil. Presentacion oral.<\/li>\n<\/ul>\n<ul>\n<li>Bollatti F.., Aisenberg, A., Peretti, A. V. <strong>2021<\/strong>.\u00a0\u201cHembras demandantes: comunicaci\u00f3n durante la c\u00f3pula en una ara\u00f1a con inversi\u00f3n de roles sexuales\u201d. <strong>XXXVIII Encuentro Anual de Etolog\u00eda (EAE) y III Reuni\u00f3n de Biolog\u00eda del Comportamiento del Cono Sur (RBC) (virtual). <\/strong>Presentaci\u00f3n: Oral.<\/li>\n<\/ul>\n<ul>\n<li>Catalina Simian, Mariela Oviedo-Diego, Paola A. Olivero, David E. Vrech, Alfredo V. Peretti. <strong>2121<\/strong>. Dimorfismo sexual y alometr\u00eda est\u00e1tica en\u00a0<em>Titanopuga salinarum<\/em> (Arachnida, Solifugae, Ammotrechidae). 1<strong> Congreso Latinoamericano de Evoluci\u00f3n CLEVOL<\/strong> 2021. Presentacion Poster.<\/li>\n<\/ul>\n<ul>\n<li>Oviedo-Diego M, Olivero PA, Mattoni CI &amp; Peretti AV. <strong>2021<\/strong>. What I love about you: modulation of courtship according to male and female quality of a mountain scorpion species, <strong>Global Animal Behaviour Twitter Conference<\/strong>, Virtual (Organization: Animal Behaviour Society) [Twitter Presentation]<\/li>\n<\/ul>\n<ul>\n<li>Oviedo-Diego M, Gim\u00e9nez Carbonari J, Simian C, Palen Pietri R, Mattoni CI &amp; Peretti AV. <strong>2021<\/strong>. Allometric patterns and phenotypic variation of sexual traits in two sympatric scorpion species with reproductive interference, <strong>First Latin American Congress on Evolution (CLEVOL),<\/strong> Virtual, Book of Abstracts I CLEVOL (p296), [Poster presentation]<\/li>\n<\/ul>\n<ul>\n<li>Oviedo-Diego M, Soto EM, Mattoni CI &amp; Peretti AV. <strong>2021<\/strong>. Confused scorpions: how two sympatric scorpion species may avoid reproductive interference, <strong>VI Uruguayan Congress of Zoology,<\/strong> Virtual, Book of Abstracts VI CUZ (p164) [Symposium Exposition].<\/li>\n<\/ul>\n<ul>\n<li>Olivero. P.A., Oviedo Diego, M., Vrech, D.E., Mattoni, C.I., Peretti, A.V. <strong>2020<\/strong>. Sensibilidad de rasgos som\u00e1ticos y genitales a diferentes presiones selectivas y estr\u00e9s ambiental: un experimento de 20 a\u00f1os en escorpiones.<strong>VI Congreso Latinoamericano de Aracnolog\u00eda. Buenos Aires, Argentina<\/strong>. Simposio.<\/li>\n<\/ul>\n<ul>\n<li>Bollatti F., Peretti, A. V., Aisenberg, A. <strong>2020<\/strong>. Neither so monogamous nor so sacrificed: the possibility of alternative reproductive tactics in Allocosa senex. <strong>Association for the Study of Animal Behaviour 2020 winter meeting (virtual).\u00a0<\/strong> Presentaci\u00f3n: poster.<\/li>\n<\/ul>\n<ul>\n<li>Bollatti F., Peretti, A. V., Aisenberg, A. <strong>2020<\/strong>.\u00a0 Hembras libres, decididas y demandantes: las nuevas aventuras de Allocosa senex. Simposio: Sexo en ocho patas: nuevos aportes a paradigmas en cambio. <strong>VI Congreso Latinoamericano de Aracnolog\u00eda(virtual).\u00a0 <\/strong>Presentaci\u00f3n: Oral.<\/li>\n<\/ul>\n<ul>\n<li>Oviedo-Diego M, Olivero PA, Mattoni CI &amp; Peretti AV. <strong>2020<\/strong>. Picky scorpions: acceptance to court and modulation of sexual behavior according to the mate quality, V<strong>I Latin American Congress of Arachnology, Virtual, Book of Abstracts VI CLA (p139)<\/strong>,\u00a0<a href=\"https:\/\/nam12.safelinks.protection.outlook.com\/?url=https%3A%2F%2Fwww.youtube.com%2Fwatch%3Fv%3D_a1t9kFBSKE&amp;data=05%7C01%7C%7C5a0ee6eb3b9d4e34630508da26ece696%7C84df9e7fe9f640afb435aaaaaaaaaaaa%7C1%7C0%7C637865096187504433%7CUnknown%7CTWFpbGZsb3d8eyJWIjoiMC4wLjAwMDAiLCJQIjoiV2luMzIiLCJBTiI6Ik1haWwiLCJXVCI6Mn0%3D%7C3000%7C%7C%7C&amp;sdata=Yd82Ai3LZtexQ6Xtf4UqJj7v4Rnw4UU8N71eWANBYYw%3D&amp;reserved=0\">https:\/\/www.youtube.com\/watch?v=_a1t9kFBSKE<\/a>,\u00a0<a href=\"https:\/\/congaracno2020\/\">https:\/\/congaracno2020<\/a>.\u00a0<a href=\"https:\/\/nam12.safelinks.protection.outlook.com\/?url=http%3A%2F%2Fwixsite.com%2Fvicla&amp;data=05%7C01%7C%7C5a0ee6eb3b9d4e34630508da26ece696%7C84df9e7fe9f640afb435aaaaaaaaaaaa%7C1%7C0%7C637865096187504433%7CUnknown%7CTWFpbGZsb3d8eyJWIjoiMC4wLjAwMDAiLCJQIjoiV2luMzIiLCJBTiI6Ik1haWwiLCJXVCI6Mn0%3D%7C3000%7C%7C%7C&amp;sdata=XnTqmb0Kpnbx4jN6TULczdWNpH8eHhVnETnNfZZOIqo%3D&amp;reserved=0\">wixsite.com\/vicla<\/a>\u00a0[Oral presentation]<\/li>\n<\/ul>\n<ul>\n<li>Oviedo\u2010Diego, M. A., Costa-Schmidt, L.E., Mattoni, C.I. &amp; Peretti, A.V. <strong>2020<\/strong>. Unbalanced functions of sexual communication lead to reproductive interference in two syntopic scorpion species, <strong>57th Annual Conference of the Animal Behavior Society<\/strong> (Virtual Meeting), 28-31\/07\/2020, [Oral presentation in Allee Warder Competition].<\/li>\n<\/ul>\n<ul>\n<li>Oviedo\u2010Diego, M. A., Soto, E.M., Mattoni, C.I.,\u00a0 Peretti, A.V. <strong>2020<\/strong>. Coexisting in sympatry: evaluating the phenotypic variation of multiple morphological traits in two species of mountain scorpions, <strong>American Arachnological Society Virtual Summer Symposium<\/strong>, 25-26\/06\/2020, [Poster presentation].<\/li>\n<\/ul>\n<ul>\n<li>Cargnelutti F., Calbacho-Rosa L., U\u00f1ates D., Costa-Schmidt L.E., C\u00f3rdoba-Aguilar A,\u00a0 Peretti A.V. <strong>2020<\/strong>. Copulatory behaviour increases sperm viability in female spiders. <strong>57th Annual Conference of the Animal Behavior Society<\/strong> (Virtual Meeting), 28-31\/07\/2020, [Oral presentation].<\/li>\n<\/ul>\n<ul>\n<li>Bollatti F.,Aisenberg A,\u00a0 Peretti A.V. <strong>2020<\/strong>. Cause The Players Gonna Play, I&#8217;m Just Gonna Shake: Soliciting Behavior In A South American Spider. <strong>57th Annual Conference of the Animal Behavior Society<\/strong> (Virtual Meeting), 28-31\/07\/2020, [Oral presentation].<\/li>\n<\/ul>\n<ul>\n<li>Mattoni C.I. <strong>2019<\/strong>.La historia sin fin: filogenia de escorpiones en el simposio \u201cEvoluci\u00f3n de los estudios clad\u00edsticos en Argentina\u201d. <strong>XIII Reuni\u00f3n Argentina de Clad\u00edstica y Biogeograf\u00eda,<\/strong> Tucum\u00e1n, Argentina.<\/li>\n<\/ul>\n<ul>\n<li>Carrasco P.A., Graziotin F.G., Koch C., Mattoni C.I., Leynaud G.,\u00a0 Scrochi G. <strong>2019<\/strong>. Phylogeny and Evolutionary Morphology of Neotropical Pitvipers. <strong>Biology of Pitvipers Rodeo<\/strong>, New Mexico, USA.<\/li>\n<\/ul>\n<p><\/p>","protected":false},"excerpt":{"rendered":"<p>Congresos: Oviedo-Diego M, Mattoni CI, Hebets E &amp; Peretti AV. 2023. What is behind the plug: determinants of an inter-sexual mating plug in a scorpion, 22nd International Congress of Arachnology, Montevideo, Uruguay, Book Abstracts p99 [Oral presentation] Oviedo-Diego M, Mattoni CI &amp; Peretti AV. 2023. Are courtship behaviors associated with the mating plug traits in <a href=\"https:\/\/www.labre.com.ar\/es\/congresos\/\" rel=\"nofollow\"><span class=\"sr-only\">Read more about Congresos<\/span>[&hellip;]<\/a><\/p>\n","protected":false},"author":5,"featured_media":0,"parent":0,"menu_order":0,"comment_status":"closed","ping_status":"closed","template":"","meta":{"footnotes":""},"_links":{"self":[{"href":"https:\/\/www.labre.com.ar\/es\/wp-json\/wp\/v2\/pages\/995"}],"collection":[{"href":"https:\/\/www.labre.com.ar\/es\/wp-json\/wp\/v2\/pages"}],"about":[{"href":"https:\/\/www.labre.com.ar\/es\/wp-json\/wp\/v2\/types\/page"}],"author":[{"embeddable":true,"href":"https:\/\/www.labre.com.ar\/es\/wp-json\/wp\/v2\/users\/5"}],"replies":[{"embeddable":true,"href":"https:\/\/www.labre.com.ar\/es\/wp-json\/wp\/v2\/comments?post=995"}],"version-history":[{"count":36,"href":"https:\/\/www.labre.com.ar\/es\/wp-json\/wp\/v2\/pages\/995\/revisions"}],"predecessor-version":[{"id":1768,"href":"https:\/\/www.labre.com.ar\/es\/wp-json\/wp\/v2\/pages\/995\/revisions\/1768"}],"wp:attachment":[{"href":"https:\/\/www.labre.com.ar\/es\/wp-json\/wp\/v2\/media?parent=995"}],"curies":[{"name":"wp","href":"https:\/\/api.w.org\/{rel}","templated":true}]}}