{"id":988,"date":"2020-05-18T11:13:38","date_gmt":"2020-05-18T14:13:38","guid":{"rendered":"https:\/\/www.labre.com.ar\/?page_id=988"},"modified":"2020-05-18T11:13:38","modified_gmt":"2020-05-18T14:13:38","slug":"catalina-simian","status":"publish","type":"page","link":"https:\/\/www.labre.com.ar\/es\/catalina-simian\/","title":{"rendered":"Catalina Simian"},"content":{"rendered":"<p><\/p>\n<p style=\"text-align: justify; vertical-align: baseline; margin: 0cm 0cm 18.0pt 0cm;\"><span style=\"font-family: 'Arial',sans-serif; color: #404040;\">Becaria CONICET Interna Doctoral, Instituto de Diversidad y Ecolog\u00eda Animal (IDEA).<\/span><\/p>\n<p style=\"vertical-align: baseline; margin: 0cm 0cm 18pt;\"><span style=\"font-family: 'Arial',sans-serif; color: #404040;\"><img loading=\"lazy\" decoding=\"async\" class=\"size-medium wp-image-987 alignleft\" src=\"https:\/\/www.labre.com.ar\/wp-content\/uploads\/2020\/05\/cata-300x300.jpg\" alt=\"cata\" width=\"300\" height=\"300\" srcset=\"https:\/\/www.labre.com.ar\/wp-content\/uploads\/2020\/05\/cata-300x300.jpg 300w, https:\/\/www.labre.com.ar\/wp-content\/uploads\/2020\/05\/cata-150x150.jpg 150w, https:\/\/www.labre.com.ar\/wp-content\/uploads\/2020\/05\/cata-768x768.jpg 768w, https:\/\/www.labre.com.ar\/wp-content\/uploads\/2020\/05\/cata-1024x1024.jpg 1024w, https:\/\/www.labre.com.ar\/wp-content\/uploads\/2020\/05\/cata-250x250.jpg 250w, https:\/\/www.labre.com.ar\/wp-content\/uploads\/2020\/05\/cata-174x174.jpg 174w, https:\/\/www.labre.com.ar\/wp-content\/uploads\/2020\/05\/cata.jpg 1456w\" sizes=\"(max-width: 300px) 100vw, 300px\" \/>Tesista&nbsp;<\/span>Doctoral Facultad de Ciencias Exactas, F\u00edsicas y Naturales, Universidad Nacional de C\u00f3rdoba.<\/p>\n<p>En 2020 me recib\u00ed de Bi\u00f3loga, en la Facultad de Ciencias Exactas F\u00edsicas y Naturales de la Universidad Nacional de C\u00f3rdoba. Durante mi periodo como ayudante de laboratorio tuve la oportunidad de conocer y<\/p>\n<p style=\"text-align: justify; vertical-align: baseline; margin: 0cm 0cm 18.0pt 0cm;\"><span style=\"font-family: 'Arial',sans-serif; color: #404040;\">colaborar con algunas de las l\u00edneas de trabajo que all\u00ed se realizaban. As\u00ed fue como increment\u00f3 en mi el inter\u00e9s por los Artr\u00f3podos y el estudio de la Selecci\u00f3n Sexual, lo que finalmente me llev\u00f3 a querer dedicar mi investigaci\u00f3n doctoral a ello. Esto conllev\u00f3 al desarrollo de mi plan de tesis &#8220;Biolog\u00eda de la reproducci\u00f3n en Sol\u00edfugos (Ar\u00e1cnida, Solifugae): una aproximaci\u00f3n desde la selecci\u00f3n sexual&#8221;, que abarca el an\u00e1lisis principalmente de aspectos morfol\u00f3gicos, morfofuncionales y esperm\u00e1ticos de la biolog\u00eda reproductiva de dos especies de Sol\u00edfugos, <i>Nothopuga<\/i> sp. y&nbsp;<\/span><i><span style=\"color: #222222;\">Oltacola chacoensis,&nbsp;<\/span><\/i><span style=\"font-family: 'Arial',sans-serif; color: #404040;\">que habitan en las Salinas Grandes de C\u00f3rdoba. Estos animales han sido poco estudiados y estas especies en particular son de inter\u00e9s en el campo de la Selecci\u00f3n Sexual, ya que poseen estrategias reproductivas opuestas, una posee un cortejo marcadamente persuasivo y la otra desarrolla la c\u00f3pula de manera coercitiva.&nbsp; Mi tesis est\u00e1 dirigida por el Dr. Alfredo Peretti y el Dr. David Vrech en el Laboratorio de Biolog\u00eda de la Reproducci\u00f3n y la Evoluci\u00f3n, IDEA- FCEFyN.<\/span><\/p>\n<p><\/p>","protected":false},"excerpt":{"rendered":"<p>Becaria CONICET Interna Doctoral, Instituto de Diversidad y Ecolog\u00eda Animal (IDEA). Tesista&nbsp;Doctoral Facultad de Ciencias Exactas, F\u00edsicas y Naturales, Universidad Nacional de C\u00f3rdoba. En 2020 me recib\u00ed de Bi\u00f3loga, en la Facultad de Ciencias Exactas F\u00edsicas y Naturales de la Universidad Nacional de C\u00f3rdoba. Durante mi periodo como ayudante de laboratorio tuve la oportunidad de <a href=\"https:\/\/www.labre.com.ar\/es\/catalina-simian\/\" rel=\"nofollow\"><span class=\"sr-only\">Read more about Catalina Simian<\/span>[&hellip;]<\/a><\/p>\n","protected":false},"author":5,"featured_media":0,"parent":0,"menu_order":0,"comment_status":"closed","ping_status":"closed","template":"","meta":{"footnotes":""},"_links":{"self":[{"href":"https:\/\/www.labre.com.ar\/es\/wp-json\/wp\/v2\/pages\/988"}],"collection":[{"href":"https:\/\/www.labre.com.ar\/es\/wp-json\/wp\/v2\/pages"}],"about":[{"href":"https:\/\/www.labre.com.ar\/es\/wp-json\/wp\/v2\/types\/page"}],"author":[{"embeddable":true,"href":"https:\/\/www.labre.com.ar\/es\/wp-json\/wp\/v2\/users\/5"}],"replies":[{"embeddable":true,"href":"https:\/\/www.labre.com.ar\/es\/wp-json\/wp\/v2\/comments?post=988"}],"version-history":[{"count":1,"href":"https:\/\/www.labre.com.ar\/es\/wp-json\/wp\/v2\/pages\/988\/revisions"}],"predecessor-version":[{"id":989,"href":"https:\/\/www.labre.com.ar\/es\/wp-json\/wp\/v2\/pages\/988\/revisions\/989"}],"wp:attachment":[{"href":"https:\/\/www.labre.com.ar\/es\/wp-json\/wp\/v2\/media?parent=988"}],"curies":[{"name":"wp","href":"https:\/\/api.w.org\/{rel}","templated":true}]}}