{"id":952,"date":"2024-04-03T09:55:15","date_gmt":"2024-04-03T12:55:15","guid":{"rendered":"https:\/\/www.labre.com.ar\/?page_id=952"},"modified":"2024-04-03T10:02:21","modified_gmt":"2024-04-03T13:02:21","slug":"proyectos","status":"publish","type":"page","link":"https:\/\/www.labre.com.ar\/es\/proyectos\/","title":{"rendered":"Proyectos"},"content":{"rendered":"<p><\/p>\n<h3>#\u00a0<strong>Proyecto<\/strong>\u00a0\u201cRub or sting to match?: functional morphology and possible constraints between caudal and venom glands in bothriurid scorpions\u201d. Subsidio: American Arachnological Society.<\/h3>\n<p>Resumen:<\/p>\n<p>En este proyecto me abocar\u00e9 al estudio de la morfolog\u00eda funcional de gl\u00e1ndulas del telson de escorpiones, en particular las relaciones morfol\u00f3gicas de gl\u00e1ndula del veneno y gl\u00e1ndula caudal, ambas utilizadas en contextos reproductivos. Analizar\u00e9 la relaci\u00f3n entre la morfolog\u00eda y el comportamiento en la especie Bothriurus bonariensis, y comenzar\u00e9 a explorar la morfolog\u00eda de estas gl\u00e1ndulas en otras especies de la Familia Bothriuridae para comprender la evoluci\u00f3n de estos caracteres. Investigadora responsable: Oviedo-Diego Mariela<\/p>\n<p>&nbsp;<\/p>\n<hr \/>\n<h3><strong># Proyecto \u201cSelecci\u00f3n sexual y evoluci\u00f3n en ar\u00e1cnidos\u201d. Subsidio (trianual) FONCYT PICT 2119\/2018.<\/strong><\/h3>\n<p><em>Resumen:<\/em><\/p>\n<p>El proyecto abarca tanto estudios comparativos como experimentales en varias especies de ar\u00e1cnidos (escorpiones, sol\u00edfugos, ara\u00f1as, pseudoescorpiones), a los fines de lograr un conocimiento m\u00e1s integrado de la problem\u00e1tica de estudio. Espec\u00edficamente se plantea: 1) evaluar la existencia de comunicaci\u00f3n qu\u00edmica intersexual mediante feromonas, 2) describir y relacionar patrones comportamentales del cortejo y la c\u00f3pula, 3) estudiar los sistemas de apareamiento,4) identificar los principales determinantes del \u00e9xito de fertilizaci\u00f3n, 5) establecer la relaci\u00f3n entre las caracter\u00edsticas reproductivas y la actividad del sistema inmune, 6) abordar el estudio de la din\u00e1mica esperm\u00e1tica en machos y hembras (patrones de viabilidad, producci\u00f3n e inversi\u00f3n esperm\u00e1tica, patrones de fertilizaci\u00f3n), 7) analizar la relaci\u00f3n entre caracteres morfol\u00f3gicos que act\u00faan en la etapa precopulatoria y caracter\u00edsticas esperm\u00e1ticas resultantes en etapas postcopulatorios, 8) examinar aspectos ecol\u00f3gicos a trav\u00e9s del estudio de la fenolog\u00eda y caracterizaci\u00f3n de microh\u00e1bitats, 9) llevar a cabo estudios comparativos entre especies modelo y especies filogen\u00e9ticamente basales para establecer patrones de evoluci\u00f3n de estructuras morfol\u00f3gicas y comportamientos. Los resultados que se obtengan en este estudio no s\u00f3lo enriquecer\u00e1n el conocimiento regional, sino que tambi\u00e9n servir\u00edan para comprobar supuestos te\u00f3ricos sobre evoluci\u00f3n del comportamiento de apareamiento y mecanismos de selecci\u00f3n sexual en artr\u00f3podos en general.<\/p>\n<hr \/>\n<h3><strong># Proyecto \u201cBiolog\u00eda reproductiva de atr\u00f3podos: Patrones y mecanismos de selecci\u00f3n sexual en ar\u00e1cnidos\u201d. Subsidio bianual Consolidar \u201c3\u201d, SECYT (UNC) 472\/2018.<\/strong><\/h3>\n<p><em>Resumen:<\/em><\/p>\n<p>En el presente proyecto se pretende profundizar el estudio funcional del apareamiento y variables morfol\u00f3gicas asociadas en grupos de ar\u00e1cnidos e insectos de nuestro pa\u00eds, haciendo hincapi\u00e9 en la interpretaci\u00f3n de la biolog\u00eda reproductiva desde perspectivas evolutivas de selecci\u00f3n sexual y natural.<\/p>\n<hr \/>\n<h3><strong># Proyecto de investigaci\u00f3n SECyT Estimular 2020-2021. &#8220;Biolog\u00eda de escorpiones; consistencia en diferentes rasgos comportamentales&#8221;.\u00a0<\/strong><\/h3>\n<p>Director David E Vrech, Rol: Investigador Responsable.<\/p>\n<hr \/>\n<h3><strong># Proyecto FONCyT B PICT 2019 PICT-2019-04554. &#8220;Biolog\u00eda de escorpiones: Consistencias en diferentes rasgos comportamentales&#8221;.<\/strong><\/h3>\n<p>Director: Lucia\u00a0 Calbacho-Rosa, Rol: Investiadora Responsable.<\/p>\n<hr \/>\n<h3># Animal Behavior Society Grant 2022. Un procursus para gobernarlos a todos: Posible funci\u00f3n dual de la estructura genital de una ara\u00f1a en un contexto de competencia esperm\u00e1tica.<\/h3>\n<div><em>Resumen:<\/em><\/div>\n<div><\/div>\n<div>En este proyecto, exploramos la funci\u00f3n del procursus, un esclerito del \u00f3rgano copulador en el f\u00f3lcido <i>Gertschiola neuquena<\/i>. Durante la c\u00f3pula, el macho introduce s\u00f3lo uno de sus \u00f3rganos copuladores en los genitales de la hembra e inserta el largo procursus profundamente en la larga y enroscada espermateca de la hembra, mientras que el \u00e9mbolo, permanece en la secci\u00f3n anterior de la misma. Nuestro an\u00e1lisis preliminar sugiere que el esperma est\u00e1 presente en el extremo posterior de la espermateca, lo que implicar\u00eda que es el procursus, en lugar del \u00e9mbolo,\u00a0 el que introduce el esperma en la regi\u00f3n m\u00e1s profunda de la espermateca. De este modo, el esperma deber\u00eda mantenerse a salvo de la remoci\u00f3n por parte de un macho que copule posteriormente con esa hembra. Adem\u00e1s, se observ\u00f3 la aparici\u00f3n de esperma en las hembras copuladas, lo que indica una posible remoci\u00f3n de esperma por parte de los machos rivales. En el contexto de la competencia esperm\u00e1tica, nuestra hip\u00f3tesis es que el procursus puede ser utilizado para ambas propuestas. Para comprobarlo, modificaremos la longitud del procursus y analizaremos la posici\u00f3n del esperma en la espermateca y la capacidad de remocion de esperma. En otras palabras, si los machos pueden modular la funci\u00f3n del procursus dependiendo del estado reproductivo de la hembra. Este es el primer estudio en ara\u00f1as que aborda una posible sustituci\u00f3n funcional del \u00e9mbolo por otras partes del \u00f3rgano copulador. As\u00ed, nuestros resultados contribuir\u00e1n a nuestra comprensi\u00f3n de la evoluci\u00f3n de la genitalia y la mec\u00e1nica copulatoria en un contexto de competencia esperm\u00e1tica.<\/div>\n<div><\/div>\n<div>\n<div>\n<div>Investigadores responsables: Franco Cargnelutti y Matias Izquierdo<\/div>\n<\/div>\n<\/div>\n<p><\/p>","protected":false},"excerpt":{"rendered":"<p>#\u00a0Proyecto\u00a0\u201cRub or sting to match?: functional morphology and possible constraints between caudal and venom glands in bothriurid scorpions\u201d. Subsidio: American Arachnological Society. Resumen: En este proyecto me abocar\u00e9 al estudio de la morfolog\u00eda funcional de gl\u00e1ndulas del telson de escorpiones, en particular las relaciones morfol\u00f3gicas de gl\u00e1ndula del veneno y gl\u00e1ndula caudal, ambas utilizadas en <a href=\"https:\/\/www.labre.com.ar\/es\/proyectos\/\" rel=\"nofollow\"><span class=\"sr-only\">Read more about Proyectos<\/span>[&hellip;]<\/a><\/p>\n","protected":false},"author":5,"featured_media":0,"parent":0,"menu_order":0,"comment_status":"closed","ping_status":"closed","template":"","meta":{"footnotes":""},"_links":{"self":[{"href":"https:\/\/www.labre.com.ar\/es\/wp-json\/wp\/v2\/pages\/952"}],"collection":[{"href":"https:\/\/www.labre.com.ar\/es\/wp-json\/wp\/v2\/pages"}],"about":[{"href":"https:\/\/www.labre.com.ar\/es\/wp-json\/wp\/v2\/types\/page"}],"author":[{"embeddable":true,"href":"https:\/\/www.labre.com.ar\/es\/wp-json\/wp\/v2\/users\/5"}],"replies":[{"embeddable":true,"href":"https:\/\/www.labre.com.ar\/es\/wp-json\/wp\/v2\/comments?post=952"}],"version-history":[{"count":10,"href":"https:\/\/www.labre.com.ar\/es\/wp-json\/wp\/v2\/pages\/952\/revisions"}],"predecessor-version":[{"id":1764,"href":"https:\/\/www.labre.com.ar\/es\/wp-json\/wp\/v2\/pages\/952\/revisions\/1764"}],"wp:attachment":[{"href":"https:\/\/www.labre.com.ar\/es\/wp-json\/wp\/v2\/media?parent=952"}],"curies":[{"name":"wp","href":"https:\/\/api.w.org\/{rel}","templated":true}]}}