{"id":935,"date":"2020-03-24T22:02:07","date_gmt":"2020-03-25T01:02:07","guid":{"rendered":"https:\/\/www.labre.com.ar\/?page_id=935"},"modified":"2020-03-24T22:06:51","modified_gmt":"2020-03-25T01:06:51","slug":"rocio-p-pietri","status":"publish","type":"page","link":"https:\/\/www.labre.com.ar\/es\/rocio-p-pietri\/","title":{"rendered":"Rocio Palen Pietri"},"content":{"rendered":"<p><img loading=\"lazy\" decoding=\"async\" class=\"wp-image-938 alignleft\" src=\"https:\/\/www.labre.com.ar\/wp-content\/uploads\/2020\/03\/pietri-229x300.jpg\" alt=\"pietri\" width=\"144\" height=\"189\" \/><\/p>\n<p>Becaria CONICET Interna Doctoral, Instituto de Diversidad y Ecolog\u00eda Animal (IDEA).<\/p>\n<p>Tesista Doctoral Facultad de Ciencias Exactas, F\u00edsicas y Naturales, Universidad Nacional de C\u00f3rdoba.<\/p>\n<p>Me recib\u00ed de Bi\u00f3loga en la Universidad Nacional de C\u00f3rdoba en el a\u00f1o 2017 y realic\u00e9 mi tesina de grado titulada \u201cDescripci\u00f3n del apareamiento, dimorfismo sexual y efecto de las gregarinas, sobre un marco de selecci\u00f3n sexual en una especie de pseudoescorpi\u00f3n\u201d dirigida por la Dra. Alejandra Ceballos. En la misma estudi\u00e9 el comportamiento reproductivo y la influencia en el \u00e9xito de transferencia de los par\u00e1sitos intestinales llamados gregarinas en la especie <em>Lustrochernes Argentinus.<\/em> Con la finalizaci\u00f3n de la tesina me quedaron muchos interrogantes nuevos sobre biolog\u00eda reproductiva b\u00e1sica en estos peque\u00f1os ar\u00e1cnidos y es por eso que en estos a\u00f1os me dedicar\u00e9 a responder preguntas sobre el comportamiento de cortejo y transferencia esperm\u00e1tica, estudios feromonales y de la competencia pre y post copulatoria en diferentes especies de pseudoescorpiones con una aproximaci\u00f3n desde la selecci\u00f3n sexual. Mi tesis est\u00e1 bajo la direcci\u00f3n del Dr. Alfredo Peretti en el Laboratorio de Biolog\u00eda Reproductiva y Evoluci\u00f3n, IDEA- FCEFyN.<\/p>","protected":false},"excerpt":{"rendered":"<p>Becaria CONICET Interna Doctoral, Instituto de Diversidad y Ecolog\u00eda Animal (IDEA). Tesista Doctoral Facultad de Ciencias Exactas, F\u00edsicas y Naturales, Universidad Nacional de C\u00f3rdoba. Me recib\u00ed de Bi\u00f3loga en la Universidad Nacional de C\u00f3rdoba en el a\u00f1o 2017 y realic\u00e9 mi tesina de grado titulada \u201cDescripci\u00f3n del apareamiento, dimorfismo sexual y efecto de las gregarinas, <a href=\"https:\/\/www.labre.com.ar\/es\/rocio-p-pietri\/\" rel=\"nofollow\"><span class=\"sr-only\">Read more about Rocio Palen Pietri<\/span>[&hellip;]<\/a><\/p>\n","protected":false},"author":6,"featured_media":0,"parent":0,"menu_order":0,"comment_status":"closed","ping_status":"closed","template":"","meta":{"footnotes":""},"_links":{"self":[{"href":"https:\/\/www.labre.com.ar\/es\/wp-json\/wp\/v2\/pages\/935"}],"collection":[{"href":"https:\/\/www.labre.com.ar\/es\/wp-json\/wp\/v2\/pages"}],"about":[{"href":"https:\/\/www.labre.com.ar\/es\/wp-json\/wp\/v2\/types\/page"}],"author":[{"embeddable":true,"href":"https:\/\/www.labre.com.ar\/es\/wp-json\/wp\/v2\/users\/6"}],"replies":[{"embeddable":true,"href":"https:\/\/www.labre.com.ar\/es\/wp-json\/wp\/v2\/comments?post=935"}],"version-history":[{"count":4,"href":"https:\/\/www.labre.com.ar\/es\/wp-json\/wp\/v2\/pages\/935\/revisions"}],"predecessor-version":[{"id":940,"href":"https:\/\/www.labre.com.ar\/es\/wp-json\/wp\/v2\/pages\/935\/revisions\/940"}],"wp:attachment":[{"href":"https:\/\/www.labre.com.ar\/es\/wp-json\/wp\/v2\/media?parent=935"}],"curies":[{"name":"wp","href":"https:\/\/api.w.org\/{rel}","templated":true}]}}