{"id":79,"date":"2016-08-16T23:10:08","date_gmt":"2016-08-17T02:10:08","guid":{"rendered":"http:\/\/localhost\/lab\/?page_id=79"},"modified":"2024-05-27T14:59:54","modified_gmt":"2024-05-27T17:59:54","slug":"equipo","status":"publish","type":"page","link":"https:\/\/www.labre.com.ar\/es\/equipo\/","title":{"rendered":"Nuestro Equipo"},"content":{"rendered":"<p><\/p>\n<div class=\"container\">\n<div class=\"section-header\">\n<h2 class=\"dark-text\">Nuestro Equipo<\/h2>\n<div class=\"section-legend\">Somos un entusiasta grupo de investigadores, docentes, becarios y estudiantes<br \/>\nenfocados en la biolog\u00eda reproductiva de los artr\u00f3podos, con \u00e9nfasis en la evoluci\u00f3n de los rasgos sexuales<br \/>\nentre los ar\u00e1cnidos.<\/div>\n<\/div>\n<div class=\"row\" data-sr-complete=\"true\" data-sr-init=\"true\" data-scrollreveal=\"enter left after 0s over 0.1s\">\n<div class=\"col-lg-3 col-sm-3 team-box\">\n<div class=\"team-member\">\n<figure class=\"profile-pic\"><\/figure>\n<p><a href=\"https:\/\/www.labre.com.ar\/es\/alfredo-v-peretti\/\"><img loading=\"lazy\" decoding=\"async\" class=\"alignnone size-medium wp-image-1846\" src=\"https:\/\/www.labre.com.ar\/wp-content\/uploads\/2024\/05\/alfredo-297x300.jpg\" alt=\"\" width=\"297\" height=\"300\" srcset=\"https:\/\/www.labre.com.ar\/wp-content\/uploads\/2024\/05\/alfredo-297x300.jpg 297w, https:\/\/www.labre.com.ar\/wp-content\/uploads\/2024\/05\/alfredo.jpg 470w\" sizes=\"(max-width: 297px) 100vw, 297px\" \/><\/a><\/p>\n<div class=\"member-details\">\n<h3 class=\"dark-text red-border-bottom\">Alfredo V. Peretti<\/h3>\n<p>&nbsp;<\/p>\n<div class=\"position\">Mi l\u00ednea de investigaci\u00f3n se orienta al estudio de la biolog\u00eda reproductiva de ar\u00e1cnidos y otros artr\u00f3podos.<br \/>\nEn este contexto, abordo tem\u00e1ticas enmarcadas dentro de la selecci\u00f3n sexual.<\/div>\n<\/div>\n<div class=\"social-icons\">\n<ul>\n<li><\/li>\n<li><\/li>\n<li><\/li>\n<\/ul>\n<\/div>\n<\/div>\n<\/div>\n<div class=\"col-lg-3 col-sm-3 team-box\">\n<div class=\"team-member\">\n<figure class=\"profile-pic\"><\/figure>\n<p><a href=\"https:\/\/www.labre.com.ar\/camilo-c-mattoni\/\"><img loading=\"lazy\" decoding=\"async\" class=\"alignnone size-medium wp-image-1849\" src=\"https:\/\/www.labre.com.ar\/wp-content\/uploads\/2024\/05\/camilo-300x300.jpg\" alt=\"\" width=\"300\" height=\"300\" srcset=\"https:\/\/www.labre.com.ar\/wp-content\/uploads\/2024\/05\/camilo-300x300.jpg 300w, https:\/\/www.labre.com.ar\/wp-content\/uploads\/2024\/05\/camilo-150x150.jpg 150w, https:\/\/www.labre.com.ar\/wp-content\/uploads\/2024\/05\/camilo-250x250.jpg 250w, https:\/\/www.labre.com.ar\/wp-content\/uploads\/2024\/05\/camilo-174x174.jpg 174w, https:\/\/www.labre.com.ar\/wp-content\/uploads\/2024\/05\/camilo.jpg 416w\" sizes=\"(max-width: 300px) 100vw, 300px\" \/><\/a><\/p>\n<div class=\"member-details\">\n<h3 class=\"dark-text red-border-bottom\">Camilo Mattoni<\/h3>\n<p>&nbsp;<\/p>\n<div class=\"position\">Mi mayor inter\u00e9s es integrar conocimientos de las diversas \u00e1reas,<br \/>\npara abordar el estudio de la evoluci\u00f3n desde un enfoque netamente multidisciplinario.<\/div>\n<\/div>\n<div class=\"social-icons\">\n<ul>\n<li><\/li>\n<li><\/li>\n<li><\/li>\n<\/ul>\n<\/div>\n<\/div>\n<\/div>\n<div class=\"col-lg-3 col-sm-3 team-box\">\n<div class=\"team-member\">\n<figure class=\"profile-pic\"><\/figure>\n<p><a href=\"https:\/\/www.labre.com.ar\/david-vrech\/\"><img loading=\"lazy\" decoding=\"async\" class=\"alignnone size-medium wp-image-1852\" src=\"https:\/\/www.labre.com.ar\/wp-content\/uploads\/2024\/05\/david-260x300.jpg\" alt=\"\" width=\"260\" height=\"300\" srcset=\"https:\/\/www.labre.com.ar\/wp-content\/uploads\/2024\/05\/david-260x300.jpg 260w, https:\/\/www.labre.com.ar\/wp-content\/uploads\/2024\/05\/david-888x1024.jpg 888w, https:\/\/www.labre.com.ar\/wp-content\/uploads\/2024\/05\/david-768x886.jpg 768w, https:\/\/www.labre.com.ar\/wp-content\/uploads\/2024\/05\/david.jpg 1087w\" sizes=\"(max-width: 260px) 100vw, 260px\" \/><\/a><\/p>\n<div class=\"member-details\">\n<h3 class=\"dark-text red-border-bottom\">David Vrech<\/h3>\n<p>&nbsp;<\/p>\n<div class=\"position\">Me dedico al an\u00e1lisis de la producci\u00f3n esperm\u00e1tica en escorpiones y<br \/>\nsol\u00edfugos y analizo la influencia de la competencia esperm\u00e1tica en la evoluci\u00f3n de ciertos<br \/>\ncaracteres esperm\u00e1ticos, tanto en machos como en hembras.<\/div>\n<\/div>\n<div class=\"social-icons\">\n<ul>\n<li><\/li>\n<li><\/li>\n<li><\/li>\n<\/ul>\n<\/div>\n<\/div>\n<\/div>\n<div class=\"col-lg-3 col-sm-3 team-box\">\n<div class=\"team-member\">\n<figure class=\"profile-pic\"><\/figure>\n<p><a href=\"https:\/\/www.labre.com.ar\/lucia-calbacho-rosa\/\"><img loading=\"lazy\" decoding=\"async\" class=\"alignnone size-full wp-image-1856\" src=\"https:\/\/www.labre.com.ar\/wp-content\/uploads\/2024\/05\/lucia2.jpg\" alt=\"\" width=\"300\" height=\"300\" srcset=\"https:\/\/www.labre.com.ar\/wp-content\/uploads\/2024\/05\/lucia2.jpg 300w, https:\/\/www.labre.com.ar\/wp-content\/uploads\/2024\/05\/lucia2-150x150.jpg 150w, https:\/\/www.labre.com.ar\/wp-content\/uploads\/2024\/05\/lucia2-250x250.jpg 250w, https:\/\/www.labre.com.ar\/wp-content\/uploads\/2024\/05\/lucia2-174x174.jpg 174w\" sizes=\"(max-width: 300px) 100vw, 300px\" \/><\/a><\/p>\n<div class=\"member-details\">\n<h3 class=\"dark-text red-border-bottom\">Lucia Calbacho Rosa<\/h3>\n<p>&nbsp;<\/p>\n<div class=\"position\">Mi l\u00ednea de investigaci\u00f3n se titula \u201cSelecci\u00f3n sexual en ara\u00f1as:<br \/>\nPatrones comportamentales e influencia de la genitalia sobre el \u00e9xito reproductivo en<br \/>\nHolocnemus pluchei (Pholcidae)\u201d.<\/div>\n<\/div>\n<div class=\"social-icons\">\n<ul>\n<li><\/li>\n<li><\/li>\n<li><\/li>\n<\/ul>\n<\/div>\n<\/div>\n<\/div>\n<\/div>\n<\/div>\n<div class=\"container\">\n<div class=\"row\" data-sr-complete=\"true\" data-sr-init=\"true\" data-scrollreveal=\"enter left after 0s over 0.1s\">\n<div class=\"col-lg-3 col-sm-3 team-box\">\n<div class=\"team-member\">\n<figure class=\"profile-pic\"><\/figure>\n<p><a href=\"https:\/\/www.labre.com.ar\/alejandra-ceballos\/\"><img loading=\"lazy\" decoding=\"async\" class=\"alignnone size-medium wp-image-1859\" src=\"https:\/\/www.labre.com.ar\/wp-content\/uploads\/2024\/05\/ceballos-300x300.jpg\" alt=\"\" width=\"300\" height=\"300\" srcset=\"https:\/\/www.labre.com.ar\/wp-content\/uploads\/2024\/05\/ceballos-300x300.jpg 300w, https:\/\/www.labre.com.ar\/wp-content\/uploads\/2024\/05\/ceballos-150x150.jpg 150w, https:\/\/www.labre.com.ar\/wp-content\/uploads\/2024\/05\/ceballos-250x250.jpg 250w, https:\/\/www.labre.com.ar\/wp-content\/uploads\/2024\/05\/ceballos-174x174.jpg 174w, https:\/\/www.labre.com.ar\/wp-content\/uploads\/2024\/05\/ceballos.jpg 617w\" sizes=\"(max-width: 300px) 100vw, 300px\" \/><\/a><\/p>\n<div class=\"member-details\">\n<h3 class=\"dark-text red-border-bottom\">Alejandra Ceballos<\/h3>\n<p>&nbsp;<\/p>\n<div class=\"position\">Actualmente mi l\u00ednea de investigaci\u00f3n est\u00e1 orientada al estudio del<br \/>\ncomportamiento sexual de pseudoescorpiones y como afectan las gregarinas (Apicomplexa) en su<br \/>\nselecci\u00f3n sexual.<\/div>\n<\/div>\n<div class=\"social-icons\">\n<ul>\n<li><\/li>\n<li><\/li>\n<li><\/li>\n<\/ul>\n<\/div>\n<\/div>\n<\/div>\n<div class=\"col-lg-3 col-sm-3 team-box\">\n<div class=\"team-member\">\n<figure class=\"profile-pic\"><\/figure>\n<p><a href=\"https:\/\/www.labre.com.ar\/matias-izquierdo\/\"><img loading=\"lazy\" decoding=\"async\" class=\"alignnone size-medium wp-image-1862\" src=\"https:\/\/www.labre.com.ar\/wp-content\/uploads\/2024\/05\/mati-300x300.jpg\" alt=\"\" width=\"300\" height=\"300\" srcset=\"https:\/\/www.labre.com.ar\/wp-content\/uploads\/2024\/05\/mati-300x300.jpg 300w, https:\/\/www.labre.com.ar\/wp-content\/uploads\/2024\/05\/mati-150x150.jpg 150w, https:\/\/www.labre.com.ar\/wp-content\/uploads\/2024\/05\/mati-768x768.jpg 768w, https:\/\/www.labre.com.ar\/wp-content\/uploads\/2024\/05\/mati-250x250.jpg 250w, https:\/\/www.labre.com.ar\/wp-content\/uploads\/2024\/05\/mati-174x174.jpg 174w, https:\/\/www.labre.com.ar\/wp-content\/uploads\/2024\/05\/mati.jpg 960w\" sizes=\"(max-width: 300px) 100vw, 300px\" \/><\/a><\/p>\n<div class=\"member-details\">\n<h3 class=\"dark-text red-border-bottom\">Matias Izquierdo<\/h3>\n<p>&nbsp;<\/p>\n<div class=\"position\">Mis temas de inter\u00e9s se enfocan en la taxonom\u00eda, filogenia y morfolog\u00eda de<br \/>\nara\u00f1as hapl\u00f3ginas (Synspermiata) con \u00e9nfasis en la superfamilia Dysderoidea.<\/div>\n<\/div>\n<div class=\"social-icons\">\n<ul>\n<li><\/li>\n<li><\/li>\n<li><\/li>\n<\/ul>\n<\/div>\n<\/div>\n<\/div>\n<div class=\"col-lg-3 col-sm-3 team-box\">\n<div class=\"team-member\">\n<figure class=\"profile-pic\"><\/figure>\n<p><a href=\"https:\/\/www.labre.com.ar\/paola-olivero\/\"><img loading=\"lazy\" decoding=\"async\" class=\"alignnone size-medium wp-image-1865\" src=\"https:\/\/www.labre.com.ar\/wp-content\/uploads\/2024\/05\/paola-280x300.jpg\" alt=\"\" width=\"280\" height=\"300\" srcset=\"https:\/\/www.labre.com.ar\/wp-content\/uploads\/2024\/05\/paola-280x300.jpg 280w, https:\/\/www.labre.com.ar\/wp-content\/uploads\/2024\/05\/paola.jpg 399w\" sizes=\"(max-width: 280px) 100vw, 280px\" \/><\/a><\/p>\n<div class=\"member-details\">\n<h3 class=\"dark-text red-border-bottom\">Paola Olivero<\/h3>\n<p>&nbsp;<\/p>\n<div class=\"position\">Mi l\u00ednea de investigaci\u00f3n se relaciona con el estudio de la biolog\u00eda<br \/>\nreproductiva de ar\u00e1cnidos e insectos, a trav\u00e9s del an\u00e1lisis del cortejo, comportamiento reproductivo<br \/>\ny determinantes de la paternidad diferencial, actualmente en la especie de escorpi\u00f3n Bothriurus bonariensis.<\/div>\n<\/div>\n<div class=\"social-icons\">\n<ul>\n<li><\/li>\n<li><\/li>\n<li><\/li>\n<\/ul>\n<\/div>\n<\/div>\n<\/div>\n<div class=\"col-lg-3 col-sm-3 team-box\">\n<div class=\"team-member\">\n<figure class=\"profile-pic\"><\/figure>\n<p><a href=\"https:\/\/www.labre.com.ar\/franco-cagnellutti\/\"><img loading=\"lazy\" decoding=\"async\" class=\"alignnone size-full wp-image-1868\" src=\"https:\/\/www.labre.com.ar\/wp-content\/uploads\/2024\/05\/franco2.jpg\" alt=\"\" width=\"300\" height=\"283\" \/><\/a><\/p>\n<div class=\"member-details\">\n<h3 class=\"dark-text red-border-bottom\">Franco Cargnelutti<\/h3>\n<p>&nbsp;<\/p>\n<div class=\"position\">Durante mi post-doctorado, me dedicare a intentar<br \/>\ndescubrir el efecto de la contaminaci\u00f3n del r\u00edo Suqu\u00eda sobre la biolog\u00eda<br \/>\nreproductiva de ara\u00f1as de ribera mediada por insectos con estadios acu\u00e1ticos.<br \/>\nAbarcare este estudio desde varios flancos entre lo que se encuentran el<br \/>\ncomportamental, el fisiol\u00f3gico y el morfol\u00f3gico.<\/div>\n<\/div>\n<div class=\"social-icons\">\n<ul>\n<li><\/li>\n<li><\/li>\n<li><\/li>\n<\/ul>\n<\/div>\n<\/div>\n<\/div>\n<\/div>\n<\/div>\n<div class=\"container\">\n<div class=\"row\" data-sr-complete=\"true\" data-sr-init=\"true\" data-scrollreveal=\"enter left after 0s over 0.1s\">\n<div class=\"col-lg-3 col-sm-3 team-box\">\n<div class=\"team-member\">\n<figure class=\"profile-pic\"><\/figure>\n<p><a href=\"https:\/\/www.labre.com.ar\/fedra-bollatti\/\"><img loading=\"lazy\" decoding=\"async\" class=\"alignnone wp-image-1837 size-medium\" src=\"https:\/\/www.labre.com.ar\/wp-content\/uploads\/2024\/05\/fedra-300x300.jpg\" alt=\"\" width=\"300\" height=\"300\" srcset=\"https:\/\/www.labre.com.ar\/wp-content\/uploads\/2024\/05\/fedra-300x300.jpg 300w, https:\/\/www.labre.com.ar\/wp-content\/uploads\/2024\/05\/fedra-150x150.jpg 150w, https:\/\/www.labre.com.ar\/wp-content\/uploads\/2024\/05\/fedra-250x250.jpg 250w, https:\/\/www.labre.com.ar\/wp-content\/uploads\/2024\/05\/fedra-174x174.jpg 174w, https:\/\/www.labre.com.ar\/wp-content\/uploads\/2024\/05\/fedra.jpg 307w\" sizes=\"(max-width: 300px) 100vw, 300px\" \/><\/a><\/p>\n<div class=\"member-details\">\n<h3 class=\"dark-text red-border-bottom\">Fedra Bollatti<\/h3>\n<p>&nbsp;<\/p>\n<div class=\"position\">Mi l\u00ednea actual de investigaci\u00f3n est\u00e1 focalizada en el<br \/>\ndesarrollo de t\u00e1cticas reproductivas alternativas en machos de Allocosa senex,<br \/>\nuna ara\u00f1a lobo con inversi\u00f3n de roles sexuales.<\/div>\n<\/div>\n<div class=\"social-icons\">\n<ul>\n<li><\/li>\n<li><\/li>\n<li><\/li>\n<\/ul>\n<\/div>\n<\/div>\n<\/div>\n<div class=\"col-lg-3 col-sm-3 team-box\">\n<div class=\"team-member\">\n<figure class=\"profile-pic\"><\/figure>\n<p><a href=\"http:\/\/www.labre.com.ar\/biol-mariela-oviedo-diego\/\"><img loading=\"lazy\" decoding=\"async\" class=\"alignnone wp-image-1799 size-medium\" src=\"https:\/\/www.labre.com.ar\/wp-content\/uploads\/2024\/05\/oviedo-diego2-254x300.jpg\" alt=\"\" width=\"254\" height=\"300\" srcset=\"https:\/\/www.labre.com.ar\/wp-content\/uploads\/2024\/05\/oviedo-diego2-254x300.jpg 254w, https:\/\/www.labre.com.ar\/wp-content\/uploads\/2024\/05\/oviedo-diego2-868x1024.jpg 868w, https:\/\/www.labre.com.ar\/wp-content\/uploads\/2024\/05\/oviedo-diego2-768x906.jpg 768w, https:\/\/www.labre.com.ar\/wp-content\/uploads\/2024\/05\/oviedo-diego2-1302x1536.jpg 1302w, https:\/\/www.labre.com.ar\/wp-content\/uploads\/2024\/05\/oviedo-diego2-1736x2048.jpg 1736w\" sizes=\"(max-width: 254px) 100vw, 254px\" \/><\/a><\/p>\n<div class=\"member-details\">\n<h3 class=\"dark-text red-border-bottom\">Mariela Oviedo-Diego<\/h3>\n<p>&nbsp;<\/p>\n<div class=\"position\">\n<p>Mi l\u00ednea de investigaci\u00f3n se enfoca en un enfoque multidisciplinario para discernir patrones\u00a0 comportamentales, morfol\u00f3gicos y fisiol\u00f3gicos de caracteres sexuales a nivel pre- y post-copulatorio en escorpiones simp\u00e1tricos (Bothriuridae).<\/p>\n<\/div>\n<\/div>\n<div class=\"social-icons\">\n<ul>\n<li><\/li>\n<li><\/li>\n<li><\/li>\n<\/ul>\n<\/div>\n<\/div>\n<\/div>\n<div class=\"col-lg-3 col-sm-3 team-box\">\n<div class=\"team-member\">\n<figure class=\"profile-pic\"><\/figure>\n<p><a href=\"https:\/\/www.labre.com.ar\/julieta-jazmin-gimenez-carbonari\/\"><img loading=\"lazy\" decoding=\"async\" class=\"alignnone wp-image-1833 size-medium\" src=\"https:\/\/www.labre.com.ar\/wp-content\/uploads\/2024\/05\/julieta-225x300.jpg\" alt=\"\" width=\"225\" height=\"300\" srcset=\"https:\/\/www.labre.com.ar\/wp-content\/uploads\/2024\/05\/julieta-225x300.jpg 225w, https:\/\/www.labre.com.ar\/wp-content\/uploads\/2024\/05\/julieta-768x1024.jpg 768w, https:\/\/www.labre.com.ar\/wp-content\/uploads\/2024\/05\/julieta.jpg 960w\" sizes=\"(max-width: 225px) 100vw, 225px\" \/><\/a><\/p>\n<div class=\"member-details\">\n<h3 class=\"dark-text red-border-bottom\">Julieta Jazmin Gimenez Carbonari<\/h3>\n<p>&nbsp;<\/p>\n<div class=\"position\">\n<p style=\"text-align: justify; background: white; vertical-align: baseline; margin: 0cm 0cm 18.0pt 0cm;\"><span style=\"font-family: 'Helvetica',sans-serif; color: #404040;\">Licenciada en Ciencias Biol\u00f3gicas (FCEN, UBA). Becaria en el Laboratorio de Biolog\u00eda Reproducci\u00f3n y Evoluci\u00f3n (LABRE, UNC). Apasionada en \u00e1reas afines a aracnolog\u00eda, entomolog\u00eda, sistem\u00e1tica, gen\u00e9tica, comportamiento, embriolog\u00eda y reproducci\u00f3n. Soy aplicada, responsable, organizada, detallista y me gusta trabajar en equipo.<\/span><\/p>\n<\/div>\n<\/div>\n<div class=\"social-icons\">\n<ul>\n<li><\/li>\n<li><\/li>\n<li><\/li>\n<\/ul>\n<\/div>\n<\/div>\n<\/div>\n<div class=\"col-lg-3 col-sm-3 team-box\">\n<div class=\"team-member\">\n<figure class=\"profile-pic\"><\/figure>\n<p><a href=\"https:\/\/www.labre.com.ar\/rocio-p-pietri\/\"><img loading=\"lazy\" decoding=\"async\" class=\"alignnone size-medium wp-image-1840\" src=\"https:\/\/www.labre.com.ar\/wp-content\/uploads\/2024\/05\/rocio2-229x300.jpg\" alt=\"\" width=\"229\" height=\"300\" srcset=\"https:\/\/www.labre.com.ar\/wp-content\/uploads\/2024\/05\/rocio2-229x300.jpg 229w, https:\/\/www.labre.com.ar\/wp-content\/uploads\/2024\/05\/rocio2.jpg 719w\" sizes=\"(max-width: 229px) 100vw, 229px\" \/><\/a><\/p>\n<div class=\"member-details\">\n<h3 class=\"dark-text red-border-bottom\">Rocio Palen Pietri<\/h3>\n<p>&nbsp;<\/p>\n<div class=\"position\">Estoy realizando mi doctorado en biolog\u00eda reproductiva de<br \/>\npseudoescorpiones argentinos para ampliar el conocimiento de esta area. Estudiando<br \/>\naspectos de su morfolog\u00eda, competencia sexual y comportamiento reproductivo desde<br \/>\nuna perspectiva de selecci\u00f3n sexual.<\/div>\n<\/div>\n<div class=\"social-icons\">\n<ul>\n<li><\/li>\n<li><\/li>\n<li><\/li>\n<\/ul>\n<\/div>\n<\/div>\n<\/div>\n<div class=\"container\">\n<div class=\"row\" data-sr-complete=\"true\" data-sr-init=\"true\" data-scrollreveal=\"enter left after 0s over 0.1s\">\n<div class=\"col-lg-3 col-sm-3 team-box\">\n<div class=\"team-member\">\n<figure class=\"profile-pic\"><\/figure>\n<p><a href=\"https:\/\/www.labre.com.ar\/catalina-simian\/\"><img loading=\"lazy\" decoding=\"async\" class=\"alignnone wp-image-1826 size-medium\" src=\"https:\/\/www.labre.com.ar\/wp-content\/uploads\/2024\/05\/cata-300x300.jpg\" alt=\"\" width=\"300\" height=\"300\" srcset=\"https:\/\/www.labre.com.ar\/wp-content\/uploads\/2024\/05\/cata-300x300.jpg 300w, https:\/\/www.labre.com.ar\/wp-content\/uploads\/2024\/05\/cata-1024x1024.jpg 1024w, https:\/\/www.labre.com.ar\/wp-content\/uploads\/2024\/05\/cata-150x150.jpg 150w, https:\/\/www.labre.com.ar\/wp-content\/uploads\/2024\/05\/cata-768x768.jpg 768w, https:\/\/www.labre.com.ar\/wp-content\/uploads\/2024\/05\/cata-250x250.jpg 250w, https:\/\/www.labre.com.ar\/wp-content\/uploads\/2024\/05\/cata-174x174.jpg 174w, https:\/\/www.labre.com.ar\/wp-content\/uploads\/2024\/05\/cata.jpg 1456w\" sizes=\"(max-width: 300px) 100vw, 300px\" \/><\/a><\/p>\n<div class=\"member-details\">\n<h3 class=\"dark-text red-border-bottom\">Catalina Simian<\/h3>\n<p>&nbsp;<\/p>\n<div class=\"position\">Actualmente estoy haciendo mi doctorado sobre los aspectos<br \/>\nreproductivos de dos especies de Solifugae, Nothopuga sp. y Oltacola chacoensis,<br \/>\nque poseen estrategias de apareamiento opuestas, donde una desarrolla un cortejo<br \/>\nmarcadamente persuasivo y la otra que copula coercitivamente.<\/div>\n<\/div>\n<div class=\"social-icons\">\n<ul>\n<li><\/li>\n<li><\/li>\n<li><\/li>\n<\/ul>\n<\/div>\n<\/div>\n<\/div>\n<div class=\"col-lg-3 col-sm-3 team-box\">\n<div class=\"team-member\">\n<figure class=\"profile-pic\"><\/figure>\n<p><a href=\"http:\/\/www.labre.com.ar\/diego-m-fink\/\"><img loading=\"lazy\" decoding=\"async\" class=\"alignnone wp-image-1823 size-medium\" src=\"https:\/\/www.labre.com.ar\/wp-content\/uploads\/2024\/05\/diego-300x300.jpg\" alt=\"\" width=\"300\" height=\"300\" srcset=\"https:\/\/www.labre.com.ar\/wp-content\/uploads\/2024\/05\/diego-300x300.jpg 300w, https:\/\/www.labre.com.ar\/wp-content\/uploads\/2024\/05\/diego-150x150.jpg 150w, https:\/\/www.labre.com.ar\/wp-content\/uploads\/2024\/05\/diego-250x250.jpg 250w, https:\/\/www.labre.com.ar\/wp-content\/uploads\/2024\/05\/diego-174x174.jpg 174w, https:\/\/www.labre.com.ar\/wp-content\/uploads\/2024\/05\/diego.jpg 640w\" sizes=\"(max-width: 300px) 100vw, 300px\" \/><\/a><\/p>\n<div class=\"member-details\">\n<h3 class=\"dark-text red-border-bottom\">Diego M. Fink<\/h3>\n<p>&nbsp;<\/p>\n<div class=\"position\">Me especializo en el mantenimiento del Area Optica y Microscopia, Responsable de STAN (Servicios Tecnologicos de Alto Nivel), Preparacion de muestras biologicas Tecnicas Histolgicas.<\/div>\n<div class=\"social-icons\"><\/div>\n<\/div>\n<div class=\"social-icons\">\n<ul>\n<li><\/li>\n<li><\/li>\n<li><\/li>\n<\/ul>\n<\/div>\n<\/div>\n<\/div>\n<div class=\"col-lg-3 col-sm-3 team-box\">\n<div class=\"team-member\"><\/div>\n<div class=\"col-lg-3 col-sm-3 team-box\">\n<div class=\"team-member\">\n<div class=\"social-icons\"><\/div>\n<\/div>\n<\/div>\n<p>&nbsp;<\/p>\n<\/div>\n<\/div>\n<\/div>\n<\/div>\n<\/div>\n<p><\/p>","protected":false},"excerpt":{"rendered":"<p>Nuestro Equipo Somos un entusiasta grupo de investigadores, docentes, becarios y estudiantes enfocados en la biolog\u00eda reproductiva de los artr\u00f3podos, con \u00e9nfasis en la evoluci\u00f3n de los rasgos sexuales entre los ar\u00e1cnidos. Alfredo V. Peretti &nbsp; Mi l\u00ednea de investigaci\u00f3n se orienta al estudio de la biolog\u00eda reproductiva de ar\u00e1cnidos y otros artr\u00f3podos. En este <a href=\"https:\/\/www.labre.com.ar\/es\/equipo\/\" rel=\"nofollow\"><span class=\"sr-only\">Read more about Nuestro Equipo<\/span>[&hellip;]<\/a><\/p>\n","protected":false},"author":4,"featured_media":0,"parent":0,"menu_order":0,"comment_status":"closed","ping_status":"closed","template":"template-fullwidth-no-title.php","meta":{"footnotes":""},"_links":{"self":[{"href":"https:\/\/www.labre.com.ar\/es\/wp-json\/wp\/v2\/pages\/79"}],"collection":[{"href":"https:\/\/www.labre.com.ar\/es\/wp-json\/wp\/v2\/pages"}],"about":[{"href":"https:\/\/www.labre.com.ar\/es\/wp-json\/wp\/v2\/types\/page"}],"author":[{"embeddable":true,"href":"https:\/\/www.labre.com.ar\/es\/wp-json\/wp\/v2\/users\/4"}],"replies":[{"embeddable":true,"href":"https:\/\/www.labre.com.ar\/es\/wp-json\/wp\/v2\/comments?post=79"}],"version-history":[{"count":95,"href":"https:\/\/www.labre.com.ar\/es\/wp-json\/wp\/v2\/pages\/79\/revisions"}],"predecessor-version":[{"id":1871,"href":"https:\/\/www.labre.com.ar\/es\/wp-json\/wp\/v2\/pages\/79\/revisions\/1871"}],"wp:attachment":[{"href":"https:\/\/www.labre.com.ar\/es\/wp-json\/wp\/v2\/media?parent=79"}],"curies":[{"name":"wp","href":"https:\/\/api.w.org\/{rel}","templated":true}]}}