{"id":660,"date":"2017-08-21T21:45:17","date_gmt":"2017-08-22T00:45:17","guid":{"rendered":"https:\/\/www.labre.com.ar\/?page_id=660"},"modified":"2021-06-21T09:48:30","modified_gmt":"2021-06-21T12:48:30","slug":"julieta-jazmin-gimenez-carbonari","status":"publish","type":"page","link":"https:\/\/www.labre.com.ar\/es\/julieta-jazmin-gimenez-carbonari\/","title":{"rendered":"Julieta Jazmin Gimenez Carbonari"},"content":{"rendered":"<p><\/p>\n<p style=\"text-align: justify; background: white; vertical-align: baseline; margin: 0cm 0cm 18.0pt 0cm;\"><span style=\"font-family: 'Helvetica',sans-serif; color: #404040;\"><img loading=\"lazy\" decoding=\"async\" class=\" wp-image-1111 alignleft\" src=\"https:\/\/www.labre.com.ar\/wp-content\/uploads\/2021\/06\/julieta-225x300.jpg\" alt=\"\" width=\"149\" height=\"199\" srcset=\"https:\/\/www.labre.com.ar\/wp-content\/uploads\/2021\/06\/julieta-225x300.jpg 225w, https:\/\/www.labre.com.ar\/wp-content\/uploads\/2021\/06\/julieta-768x1024.jpg 768w, https:\/\/www.labre.com.ar\/wp-content\/uploads\/2021\/06\/julieta.jpg 960w\" sizes=\"(max-width: 149px) 100vw, 149px\" \/>Licenciada en Ciencias Biol\u00f3gicas (FCEN, UBA). Becaria en el Laboratorio de Biolog\u00eda Reproducci\u00f3n y Evoluci\u00f3n (LABRE, UNC). Apasionada en \u00e1reas afines a aracnolog\u00eda, entomolog\u00eda, sistem\u00e1tica, gen\u00e9tica, comportamiento, embriolog\u00eda y reproducci\u00f3n. Soy aplicada, responsable, organizada, detallista y me gusta trabajar en equipo.<\/span><\/p>\n<p style=\"text-align: justify; background: white; vertical-align: baseline; margin: 0cm 0cm 18.0pt 0cm;\"><span style=\"font-family: 'Helvetica',sans-serif; color: #404040;\">Becaria FONCyT Doctoral, Instituto de Diversidad y Ecolog\u00eda Animal (IDEA).<\/span><\/p>\n<p style=\"text-align: justify; background: white; vertical-align: baseline; margin: 0cm 0cm 18.0pt 0cm;\"><span style=\"font-family: 'Helvetica',sans-serif; color: #404040;\">Tesista Doctoral Facultad de Ciencias Exactas, F\u00edsicas y Naturales, Universidad Nacional de C\u00f3rdoba.<\/span><\/p>\n<hr \/>\n<p style=\"margin: 0cm; text-align: justify; background: white; vertical-align: baseline;\"><span style=\"font-family: 'Helvetica',sans-serif; color: #404040;\">Me recib\u00ed de Licenciada en Ciencias Biol\u00f3gicas en la Facultad de Ciencias Exactas y Naturales de la Universidad de Buenos Aires (FCEN, UBA) en el a\u00f1o 2020, y en febrero del 2021 me postul\u00e9 y qued\u00e9 seleccionada para estudiar e investigar en la Universidad Nacional de C\u00f3rdoba (UNC), sobre la reproducci\u00f3n, evoluci\u00f3n y comportamiento sexual del g\u00e9nero de escorpiones Timogenes. Mi tesis doctoral est\u00e1 bajo la direcci\u00f3n de los Doctores Camilo Mattoni y Alfredo Peretti en el Laboratorio de Biolog\u00eda Reproductiva y Evoluci\u00f3n, IDEA- FCEFyN.<\/span><\/p>\n<p>&nbsp;<\/p>","protected":false},"excerpt":{"rendered":"<p>Licenciada en Ciencias Biol\u00f3gicas (FCEN, UBA). Becaria en el Laboratorio de Biolog\u00eda Reproducci\u00f3n y Evoluci\u00f3n (LABRE, UNC). Apasionada en \u00e1reas afines a aracnolog\u00eda, entomolog\u00eda, sistem\u00e1tica, gen\u00e9tica, comportamiento, embriolog\u00eda y reproducci\u00f3n. Soy aplicada, responsable, organizada, detallista y me gusta trabajar en equipo. Becaria FONCyT Doctoral, Instituto de Diversidad y Ecolog\u00eda Animal (IDEA). Tesista Doctoral Facultad de <a href=\"https:\/\/www.labre.com.ar\/es\/julieta-jazmin-gimenez-carbonari\/\" rel=\"nofollow\"><span class=\"sr-only\">Read more about Julieta Jazmin Gimenez Carbonari<\/span>[&hellip;]<\/a><\/p>\n","protected":false},"author":5,"featured_media":0,"parent":0,"menu_order":0,"comment_status":"closed","ping_status":"closed","template":"","meta":{"footnotes":""},"_links":{"self":[{"href":"https:\/\/www.labre.com.ar\/es\/wp-json\/wp\/v2\/pages\/660"}],"collection":[{"href":"https:\/\/www.labre.com.ar\/es\/wp-json\/wp\/v2\/pages"}],"about":[{"href":"https:\/\/www.labre.com.ar\/es\/wp-json\/wp\/v2\/types\/page"}],"author":[{"embeddable":true,"href":"https:\/\/www.labre.com.ar\/es\/wp-json\/wp\/v2\/users\/5"}],"replies":[{"embeddable":true,"href":"https:\/\/www.labre.com.ar\/es\/wp-json\/wp\/v2\/comments?post=660"}],"version-history":[{"count":8,"href":"https:\/\/www.labre.com.ar\/es\/wp-json\/wp\/v2\/pages\/660\/revisions"}],"predecessor-version":[{"id":1112,"href":"https:\/\/www.labre.com.ar\/es\/wp-json\/wp\/v2\/pages\/660\/revisions\/1112"}],"wp:attachment":[{"href":"https:\/\/www.labre.com.ar\/es\/wp-json\/wp\/v2\/media?parent=660"}],"curies":[{"name":"wp","href":"https:\/\/api.w.org\/{rel}","templated":true}]}}