{"id":400,"date":"2016-12-27T22:31:33","date_gmt":"2016-12-28T01:31:33","guid":{"rendered":"http:\/\/localhost\/lab\/?page_id=400"},"modified":"2024-05-27T10:18:37","modified_gmt":"2024-05-27T13:18:37","slug":"biol-mariela-oviedo-diego","status":"publish","type":"page","link":"https:\/\/www.labre.com.ar\/es\/biol-mariela-oviedo-diego\/","title":{"rendered":"Dra. Mariela Oviedo Diego"},"content":{"rendered":"<p><em>Becaria\u00a0 Postdoctoral CONICET, Instituto de Diversidad y Ecolog\u00eda Animal (IDEA), Facultad de Ciencias Exactas, F\u00edsicas y Naturales, Universidad Nacional de C\u00f3rdoba<\/em><\/p>\n<hr \/>\n<p><img loading=\"lazy\" decoding=\"async\" class=\"size-medium wp-image-1799 alignleft\" src=\"https:\/\/www.labre.com.ar\/wp-content\/uploads\/2024\/05\/oviedo-diego2-254x300.jpg\" alt=\"\" width=\"254\" height=\"300\" srcset=\"https:\/\/www.labre.com.ar\/wp-content\/uploads\/2024\/05\/oviedo-diego2-254x300.jpg 254w, https:\/\/www.labre.com.ar\/wp-content\/uploads\/2024\/05\/oviedo-diego2-868x1024.jpg 868w, https:\/\/www.labre.com.ar\/wp-content\/uploads\/2024\/05\/oviedo-diego2-768x906.jpg 768w, https:\/\/www.labre.com.ar\/wp-content\/uploads\/2024\/05\/oviedo-diego2-1302x1536.jpg 1302w, https:\/\/www.labre.com.ar\/wp-content\/uploads\/2024\/05\/oviedo-diego2-1736x2048.jpg 1736w\" sizes=\"(max-width: 254px) 100vw, 254px\" \/>Actualmente me encuentro realizando mi post-doctorado en biolog\u00eda reproductiva de en el LABRE (IDEA CONICET-UNC). Desde los comienzos de la carrera sent\u00ed atracci\u00f3n hacia tem\u00e1ticas que tuvieran que ver con la reproducci\u00f3n desde una perspectiva evolutiva, y fui descubriendo las ventajas de los modelos de ar\u00e1cnidos para estudiar interacciones reproductivas en el marco de la selecci\u00f3n sexual. Realic\u00e9 mis estudios de grado y doctorado en la Universidad Nacional de C\u00f3rdoba (Argentina), centr\u00e1ndome en la biolog\u00eda evolutiva de escorpiones de la familia Bothriuridae (Urophonius brachycentrus y U. achalensis) en ambientes monta\u00f1osos del centro de Argentina. En poblaciones sim\u00e1tricas y alop\u00e1tricas de estas especies dilucidamos a nivel interespec\u00edfico e intraespec\u00edfico patrones comportamentales, morfol\u00f3gicos y fisiol\u00f3gicos de caracteres sexuales a nivel pre- y post-copulatorio. De esta forma evaluamos las consecuencias de la interferencia reproductiva en diferentes dimensiones de historia de vida de estas especies. Adicionalmente, soy Aspirante Adscripta de la materia Entomolog\u00eda en la Facultad de Ciencias Exactas, F\u00edsicas y Naturales (Universidad Nacional de C\u00f3rdoba) y participo activamente en proyectos y actividades de comunicaci\u00f3n cient\u00edfica.<\/p>\n<p>&nbsp;<\/p>\n<p>E-mail: <a href=\"mailto:marie27oviedo@gmail.com\">marie27oviedo@gmail.com<\/a><\/p>","protected":false},"excerpt":{"rendered":"<p>Becaria\u00a0 Postdoctoral CONICET, Instituto de Diversidad y Ecolog\u00eda Animal (IDEA), Facultad de Ciencias Exactas, F\u00edsicas y Naturales, Universidad Nacional de C\u00f3rdoba Actualmente me encuentro realizando mi post-doctorado en biolog\u00eda reproductiva de en el LABRE (IDEA CONICET-UNC). Desde los comienzos de la carrera sent\u00ed atracci\u00f3n hacia tem\u00e1ticas que tuvieran que ver con la reproducci\u00f3n desde una <a href=\"https:\/\/www.labre.com.ar\/es\/biol-mariela-oviedo-diego\/\" rel=\"nofollow\"><span class=\"sr-only\">Read more about Dra. Mariela Oviedo Diego<\/span>[&hellip;]<\/a><\/p>\n","protected":false},"author":4,"featured_media":0,"parent":0,"menu_order":0,"comment_status":"closed","ping_status":"closed","template":"","meta":{"footnotes":""},"_links":{"self":[{"href":"https:\/\/www.labre.com.ar\/es\/wp-json\/wp\/v2\/pages\/400"}],"collection":[{"href":"https:\/\/www.labre.com.ar\/es\/wp-json\/wp\/v2\/pages"}],"about":[{"href":"https:\/\/www.labre.com.ar\/es\/wp-json\/wp\/v2\/types\/page"}],"author":[{"embeddable":true,"href":"https:\/\/www.labre.com.ar\/es\/wp-json\/wp\/v2\/users\/4"}],"replies":[{"embeddable":true,"href":"https:\/\/www.labre.com.ar\/es\/wp-json\/wp\/v2\/comments?post=400"}],"version-history":[{"count":15,"href":"https:\/\/www.labre.com.ar\/es\/wp-json\/wp\/v2\/pages\/400\/revisions"}],"predecessor-version":[{"id":1809,"href":"https:\/\/www.labre.com.ar\/es\/wp-json\/wp\/v2\/pages\/400\/revisions\/1809"}],"wp:attachment":[{"href":"https:\/\/www.labre.com.ar\/es\/wp-json\/wp\/v2\/media?parent=400"}],"curies":[{"name":"wp","href":"https:\/\/api.w.org\/{rel}","templated":true}]}}