{"id":262,"date":"2016-10-13T22:04:27","date_gmt":"2016-10-14T01:04:27","guid":{"rendered":"http:\/\/localhost\/lab\/?page_id=262"},"modified":"2019-11-08T14:26:18","modified_gmt":"2019-11-08T17:26:18","slug":"diego-m-fink","status":"publish","type":"page","link":"https:\/\/www.labre.com.ar\/es\/diego-m-fink\/","title":{"rendered":"Diego M. Fink"},"content":{"rendered":"<p><em>T\u00e9cnico Principal del CONICET, Instituto de Diversidad Biol\u00f3gica y Ecolog\u00eda (IDEA).<\/em><\/p>\n<hr \/>\n<p><img loading=\"lazy\" decoding=\"async\" class=\" wp-image-382 alignleft\" src=\"http:\/\/localhost\/lab\/wp-content\/uploads\/2016\/10\/diego-300x300.jpg\" alt=\"diego\" width=\"156\" height=\"156\" srcset=\"https:\/\/www.labre.com.ar\/wp-content\/uploads\/2016\/10\/diego-300x300.jpg 300w, https:\/\/www.labre.com.ar\/wp-content\/uploads\/2016\/10\/diego-150x150.jpg 150w, https:\/\/www.labre.com.ar\/wp-content\/uploads\/2016\/10\/diego-250x250.jpg 250w, https:\/\/www.labre.com.ar\/wp-content\/uploads\/2016\/10\/diego-174x174.jpg 174w, https:\/\/www.labre.com.ar\/wp-content\/uploads\/2016\/10\/diego.jpg 640w\" sizes=\"(max-width: 156px) 100vw, 156px\" \/><\/p>\n<p>Encargado del mantenimiento y control del funcionamiento de equipos de media y alta complejidad, incluyendo la realizaci\u00f3n del historial de servicio t\u00e9cnico o calibraciones. (Microscopios y Lupas, balanzas, etc).<\/p>\n<p>Soporte t\u00e9cnico y asistencia al utilizar un producto o servicio, ya sea el hardware o software de una computadora, de un servidor de Internet, de los perif\u00e9ricos, o de cualquier otro equipo o dispositivo, especialmente en programas gr\u00e1ficos.<\/p>\n<p>Me especializo en la realizaci\u00f3n de t\u00e9cnicas histol\u00f3gicas, preparaci\u00f3n de material y ejecuci\u00f3n de protocolos experimentales de laboratorio para investigaci\u00f3n y desarrollo. Uso y conservaci\u00f3n de aparatos (micr\u00f3tomo, parafina, balanzas, estufas, Ba\u00f1o t\u00e9rmico, m\u00e1quinas afiladoras de navajas).<\/p>\n<p>E-mail: <a href=\"mailto:diegofink@hotmail.com\">diegofink@hotmail.com<\/a><\/p>","protected":false},"excerpt":{"rendered":"<p>T\u00e9cnico Principal del CONICET, Instituto de Diversidad Biol\u00f3gica y Ecolog\u00eda (IDEA). Encargado del mantenimiento y control del funcionamiento de equipos de media y alta complejidad, incluyendo la realizaci\u00f3n del historial de servicio t\u00e9cnico o calibraciones. (Microscopios y Lupas, balanzas, etc). Soporte t\u00e9cnico y asistencia al utilizar un producto o servicio, ya sea el hardware o <a href=\"https:\/\/www.labre.com.ar\/es\/diego-m-fink\/\" rel=\"nofollow\"><span class=\"sr-only\">Read more about Diego M. Fink<\/span>[&hellip;]<\/a><\/p>\n","protected":false},"author":4,"featured_media":0,"parent":0,"menu_order":0,"comment_status":"closed","ping_status":"closed","template":"","meta":{"footnotes":""},"_links":{"self":[{"href":"https:\/\/www.labre.com.ar\/es\/wp-json\/wp\/v2\/pages\/262"}],"collection":[{"href":"https:\/\/www.labre.com.ar\/es\/wp-json\/wp\/v2\/pages"}],"about":[{"href":"https:\/\/www.labre.com.ar\/es\/wp-json\/wp\/v2\/types\/page"}],"author":[{"embeddable":true,"href":"https:\/\/www.labre.com.ar\/es\/wp-json\/wp\/v2\/users\/4"}],"replies":[{"embeddable":true,"href":"https:\/\/www.labre.com.ar\/es\/wp-json\/wp\/v2\/comments?post=262"}],"version-history":[{"count":8,"href":"https:\/\/www.labre.com.ar\/es\/wp-json\/wp\/v2\/pages\/262\/revisions"}],"predecessor-version":[{"id":911,"href":"https:\/\/www.labre.com.ar\/es\/wp-json\/wp\/v2\/pages\/262\/revisions\/911"}],"wp:attachment":[{"href":"https:\/\/www.labre.com.ar\/es\/wp-json\/wp\/v2\/media?parent=262"}],"curies":[{"name":"wp","href":"https:\/\/api.w.org\/{rel}","templated":true}]}}