{"id":257,"date":"2020-04-06T17:00:01","date_gmt":"2020-04-06T20:00:01","guid":{"rendered":"http:\/\/localhost\/lab\/?page_id=257"},"modified":"2020-04-06T17:18:23","modified_gmt":"2020-04-06T20:18:23","slug":"fedra-bollatti","status":"publish","type":"page","link":"https:\/\/www.labre.com.ar\/es\/fedra-bollatti\/","title":{"rendered":"Dra. Fedra Ariana Bollatti"},"content":{"rendered":"<p><\/p>\n<p class=\"Default\"><b>Becaria Postdoctoral CONICET, Instituto de Diversidad y Ecolog\u00eda Animal (IDEA-UNC-CONICET).<\/b><\/p>\n<hr \/>\n<p>&nbsp;<\/p>\n<p><img loading=\"lazy\" decoding=\"async\" class=\" wp-image-383 alignleft\" src=\"http:\/\/localhost\/lab\/wp-content\/uploads\/2016\/10\/fedra-300x236.jpg\" alt=\"fedra\" width=\"255\" height=\"200\" srcset=\"https:\/\/www.labre.com.ar\/wp-content\/uploads\/2016\/10\/fedra-300x236.jpg 300w, https:\/\/www.labre.com.ar\/wp-content\/uploads\/2016\/10\/fedra.jpg 389w\" sizes=\"(max-width: 255px) 100vw, 255px\" \/><\/p>\n<p>Mis temas de inter\u00e9s se centran en los efectos de la Selecci\u00f3n Sexual en los rasgos comportamentales, corporales y fisiol\u00f3gicos de los animales en general, y de los ar\u00e1cnidos en particular.<\/p>\n<p>Espec\u00edficamente, mi tesis doctoral se centr\u00f3 en la ara\u00f1a cavadora <em>Allocosa senex<\/em>, una especie muy atractiva debido a su inversi\u00f3n en los roles sexuales y a la gran inversi\u00f3n en apareamiento que realizan los machos: \u00e9stos usualmente construyen una cueva para poder aparearse, la cual donan a la hembra una vez que la c\u00f3pula ha finalizado. Durante el desarrollo de mi tesis doctoral descubr\u00ed que existen machos que -alternativamente- en lugar de construir una cueva pueden utilizar las cuevas de otros machos para aparearse. Esta tem\u00e1tica me result\u00f3 muy interesante, as\u00ed es que mi actual proyecto postdoctoral est\u00e1 centrado en investigar el desarrollo de t\u00e1cticas reproductivas alternativas en machos de esta especie, profundizando en los posibles desencadenantes de las mismas y potenciales implicancias, tanto comportamentales, corporales, como reproductivas.<\/p>\n<p>&nbsp;<\/p>\n<p>E-mail: <a href=\"mailto:fedrabollatti@gmail.com\">fedrabollatti@gmail.com<\/a><\/p>\n<p>&nbsp;<\/p>\n<p>&nbsp;<\/p>","protected":false},"excerpt":{"rendered":"<p>Becaria Postdoctoral CONICET, Instituto de Diversidad y Ecolog\u00eda Animal (IDEA-UNC-CONICET). &nbsp; Mis temas de inter\u00e9s se centran en los efectos de la Selecci\u00f3n Sexual en los rasgos comportamentales, corporales y fisiol\u00f3gicos de los animales en general, y de los ar\u00e1cnidos en particular. Espec\u00edficamente, mi tesis doctoral se centr\u00f3 en la ara\u00f1a cavadora Allocosa senex, una <a href=\"https:\/\/www.labre.com.ar\/es\/fedra-bollatti\/\" rel=\"nofollow\"><span class=\"sr-only\">Read more about Dra. Fedra Ariana Bollatti<\/span>[&hellip;]<\/a><\/p>\n","protected":false},"author":4,"featured_media":0,"parent":0,"menu_order":0,"comment_status":"closed","ping_status":"closed","template":"","meta":{"footnotes":""},"_links":{"self":[{"href":"https:\/\/www.labre.com.ar\/es\/wp-json\/wp\/v2\/pages\/257"}],"collection":[{"href":"https:\/\/www.labre.com.ar\/es\/wp-json\/wp\/v2\/pages"}],"about":[{"href":"https:\/\/www.labre.com.ar\/es\/wp-json\/wp\/v2\/types\/page"}],"author":[{"embeddable":true,"href":"https:\/\/www.labre.com.ar\/es\/wp-json\/wp\/v2\/users\/4"}],"replies":[{"embeddable":true,"href":"https:\/\/www.labre.com.ar\/es\/wp-json\/wp\/v2\/comments?post=257"}],"version-history":[{"count":9,"href":"https:\/\/www.labre.com.ar\/es\/wp-json\/wp\/v2\/pages\/257\/revisions"}],"predecessor-version":[{"id":981,"href":"https:\/\/www.labre.com.ar\/es\/wp-json\/wp\/v2\/pages\/257\/revisions\/981"}],"wp:attachment":[{"href":"https:\/\/www.labre.com.ar\/es\/wp-json\/wp\/v2\/media?parent=257"}],"curies":[{"name":"wp","href":"https:\/\/api.w.org\/{rel}","templated":true}]}}