{"id":255,"date":"2020-04-06T17:05:39","date_gmt":"2020-04-06T20:05:39","guid":{"rendered":"http:\/\/localhost\/lab\/?page_id=255"},"modified":"2020-04-06T17:21:17","modified_gmt":"2020-04-06T20:21:17","slug":"franco-cagnellutti","status":"publish","type":"page","link":"https:\/\/www.labre.com.ar\/es\/franco-cagnellutti\/","title":{"rendered":"Dr. Franco Cargnelutti"},"content":{"rendered":"<p><\/p>\n<p class=\"Default\"><b><span style=\"font-size: 11.0pt; font-family: 'Helvetica LT Std Cond Light',sans-serif;\">Becario Postdoctoral CONICET, Instituto de Diversidad y Ecolog\u00eda Animal (IDEA-UNC-CONICET).<\/span><\/b><\/p>\n<hr \/>\n<p>&nbsp;<\/p>\n<p><img loading=\"lazy\" decoding=\"async\" class=\"alignleft wp-image-384\" src=\"http:\/\/localhost\/lab\/wp-content\/uploads\/2016\/10\/fran-300x169.jpg\" alt=\"fran\" width=\"323\" height=\"182\" srcset=\"https:\/\/www.labre.com.ar\/wp-content\/uploads\/2016\/10\/fran-300x169.jpg 300w, https:\/\/www.labre.com.ar\/wp-content\/uploads\/2016\/10\/fran.jpg 433w\" sizes=\"(max-width: 323px) 100vw, 323px\" \/><\/p>\n<p>Estudie Cs. Biol\u00f3gicas en la Universidad Nacional de C\u00f3rdoba y obtuve mi t\u00edtulo de bi\u00f3logo en 2014. En 2020 recib\u00ed mi t\u00edtulo de Dr. en Ciencias Biol\u00f3gicas por la misma universidad. Gran parte de mi investigaci\u00f3n se enfoca en interpretar patrones comportamentales y reproductivos desde una perspectiva de selecci\u00f3n sexual post-copulatoria. En concordancia, mi principal inter\u00e9s radica en encontrar explicaciones evolutivas para dichos patrones, as\u00ed como entender los mecanismos que les dieron origen. Actualmente me desempe\u00f1o como becario post-doctoral en el Laboratorio de Biolog\u00eda Reproductiva y Evoluci\u00f3n. Hoy en d\u00eda he ampliado mi l\u00ednea de investigaci\u00f3n, pero sin dejar de lado mi principal inter\u00e9s: La biolog\u00eda reproductiva en un marco evolutivo. Durante mi post-doctorado, me dedicare a intentar descubrir el efecto de la contaminaci\u00f3n del r\u00edo Suqu\u00eda (principal curso h\u00eddrico de la ciudad de C\u00f3rdoba) sobre la biolog\u00eda reproductiva de ara\u00f1as de ribera mediada por insectos con estadios acu\u00e1ticos (presas de estos animales). Teniendo en cuenta el alarmante nivel de contaminaci\u00f3n registrado en el r\u00edo y la ausencia de informaci\u00f3n sobre la transferencia de contaminantes desde cursos h\u00eddricos a las cadenas tr\u00f3ficas terrestres este estudio es relevante y novedoso en el pa\u00eds e incluso a nivel mundial. Abarcare este estudio desde varios flancos entre lo que se encuentran el comportamental, el fisiol\u00f3gico y el morfol\u00f3gico. Esta investigaci\u00f3n se llevar\u00e1 a cabo bajo la direcci\u00f3n del Dr. Alfredo Peretti y la Dra. Andrea Hued y contar\u00e1 con la colaboraci\u00f3n de los Drs. Mat\u00edas Izquierdo y Diego U\u00f1ates, as\u00ed como de la Dra. Lucia Calbacho-Rosa. Paralelamente continuare trabajando y colaborando en diferentes proyectos sobre la biolog\u00eda reproductiva de ar\u00e1cnidos entre los cuales podemos mencionar ara\u00f1as de la familia Pholcidae y Tetragnathidae y solifugos de la familia ammotherchidae.<\/p>\n<p>&nbsp;<\/p>\n<p>E-mail: <a href=\"mailto:francocarg@gmail.com\">francocarg@gmail.com<\/a><\/p>\n<p>&nbsp;<\/p>\n<p>&nbsp;<\/p>","protected":false},"excerpt":{"rendered":"<p>Becario Postdoctoral CONICET, Instituto de Diversidad y Ecolog\u00eda Animal (IDEA-UNC-CONICET). &nbsp; Estudie Cs. Biol\u00f3gicas en la Universidad Nacional de C\u00f3rdoba y obtuve mi t\u00edtulo de bi\u00f3logo en 2014. En 2020 recib\u00ed mi t\u00edtulo de Dr. en Ciencias Biol\u00f3gicas por la misma universidad. Gran parte de mi investigaci\u00f3n se enfoca en interpretar patrones comportamentales y reproductivos <a href=\"https:\/\/www.labre.com.ar\/es\/franco-cagnellutti\/\" rel=\"nofollow\"><span class=\"sr-only\">Read more about Dr. Franco Cargnelutti<\/span>[&hellip;]<\/a><\/p>\n","protected":false},"author":4,"featured_media":0,"parent":0,"menu_order":0,"comment_status":"closed","ping_status":"closed","template":"","meta":{"footnotes":""},"_links":{"self":[{"href":"https:\/\/www.labre.com.ar\/es\/wp-json\/wp\/v2\/pages\/255"}],"collection":[{"href":"https:\/\/www.labre.com.ar\/es\/wp-json\/wp\/v2\/pages"}],"about":[{"href":"https:\/\/www.labre.com.ar\/es\/wp-json\/wp\/v2\/types\/page"}],"author":[{"embeddable":true,"href":"https:\/\/www.labre.com.ar\/es\/wp-json\/wp\/v2\/users\/4"}],"replies":[{"embeddable":true,"href":"https:\/\/www.labre.com.ar\/es\/wp-json\/wp\/v2\/comments?post=255"}],"version-history":[{"count":7,"href":"https:\/\/www.labre.com.ar\/es\/wp-json\/wp\/v2\/pages\/255\/revisions"}],"predecessor-version":[{"id":982,"href":"https:\/\/www.labre.com.ar\/es\/wp-json\/wp\/v2\/pages\/255\/revisions\/982"}],"wp:attachment":[{"href":"https:\/\/www.labre.com.ar\/es\/wp-json\/wp\/v2\/media?parent=255"}],"curies":[{"name":"wp","href":"https:\/\/api.w.org\/{rel}","templated":true}]}}