{"id":253,"date":"2020-03-27T12:02:17","date_gmt":"2020-03-27T15:02:17","guid":{"rendered":"http:\/\/localhost\/lab\/?page_id=253"},"modified":"2022-05-19T15:20:54","modified_gmt":"2022-05-19T18:20:54","slug":"paola-olivero","status":"publish","type":"page","link":"https:\/\/www.labre.com.ar\/es\/paola-olivero\/","title":{"rendered":"Prof. Dra. Paola Olivero"},"content":{"rendered":"<p><em>Investigadora Asistente del CONICET, Instituto de Diversidad y Ecolog\u00eda Animal (IDEA).<\/em><\/p>\n<p><em>Profesora Adjunta, Facultad de Ciencias Exactas, F\u00edsicas y Naturales, Universidad Nacional de C\u00f3rdoba.<\/em><\/p>\n<p><img loading=\"lazy\" decoding=\"async\" class=\" wp-image-388 alignleft\" src=\"http:\/\/localhost\/lab\/wp-content\/uploads\/2016\/10\/pao-280x300.jpg\" alt=\"pao\" width=\"207\" height=\"221\" srcset=\"https:\/\/www.labre.com.ar\/wp-content\/uploads\/2016\/10\/pao-280x300.jpg 280w, https:\/\/www.labre.com.ar\/wp-content\/uploads\/2016\/10\/pao.jpg 399w\" sizes=\"(max-width: 207px) 100vw, 207px\" \/><\/p>\n<hr \/>\n<p><strong>Mi l\u00ednea de investigaci\u00f3n<\/strong> se relaciona con el estudio del cortejo y comportamiento reproductivo de ar\u00e1cnidos e insectos. He realizado mi tesis doctoral en este laboratorio, trabajando con escorpiones de la familia Bothriuridae, en particular con la especie <em>Bothriurus bonariensis.<\/em><\/p>\n<p>Durante mi tesis he desarrollado un estudio integral y multidisciplinario de la biolog\u00eda reproductiva de este escorpi\u00f3n, por medio del an\u00e1lisis combinado de la morfolog\u00eda general, biolog\u00eda sexual y gen\u00e9tica de poblaciones, comparando adem\u00e1s diferentes poblaciones a lo largo de su distribuci\u00f3n geogr\u00e1fica. Posteriormente realic\u00e9 una estancia postdoctoral de un a\u00f1o en el Museo de Historia Natural de Par\u00eds, donde he trabajado describiendo el comportamiento sexual de distintas especies de grillos de la subfamilia Eneopterinae, que muestran rasgos originales relativos a la comunicaci\u00f3n ac\u00fastica. Actualmente me encuentro desarrollando un proyecto para estudiar la poliandria, precedencia esperm\u00e1tica y patrones de paternidad, nuevamente en la especie de escorpi\u00f3n <em>Bothriurus bonariensis<\/em>. En el orden Scorpiones, muy poco es lo que se conoce sobre las consecuencias de la poliandria, precedencia esperm\u00e1tica y determinantes de paternidad diferencial, con la excepci\u00f3n de ciertos datos preliminares y consideraciones te\u00f3ricas planteadas en revisiones de biolog\u00eda reproductiva y selecci\u00f3n sexual. Mi investigaci\u00f3n se enfoca en evaluar el \u00e9xito de fertilizaci\u00f3n de diferentes machos de esta especie, utilizando loci de microsat\u00e9lites como herramienta para determinaci\u00f3n de paternidad. Mi objetivo es tratar de dilucidar el patr\u00f3n de precedencia esperm\u00e1tica de la especie, determinar si existe un patr\u00f3n de paternidad e iniciar el estudio de los determinantes morfol\u00f3gicos y comportamentales del \u00e9xito diferencial de fertilizaci\u00f3n entre machos competidores. Este trabajo permitir\u00e1 comenzar a dar respuesta al vac\u00edo de informaci\u00f3n existente en el Orden, en un marco de selecci\u00f3n sexual.<\/p>\n<p>E-mail: <a href=\"mailto:paoolivero@gmail.com\">paoolivero@gmail.com<\/a><\/p>\n<p>&nbsp;<\/p>\n<p>&nbsp;<\/p>","protected":false},"excerpt":{"rendered":"<p>Investigadora Asistente del CONICET, Instituto de Diversidad y Ecolog\u00eda Animal (IDEA). Profesora Adjunta, Facultad de Ciencias Exactas, F\u00edsicas y Naturales, Universidad Nacional de C\u00f3rdoba. Mi l\u00ednea de investigaci\u00f3n se relaciona con el estudio del cortejo y comportamiento reproductivo de ar\u00e1cnidos e insectos. He realizado mi tesis doctoral en este laboratorio, trabajando con escorpiones de la <a href=\"https:\/\/www.labre.com.ar\/es\/paola-olivero\/\" rel=\"nofollow\"><span class=\"sr-only\">Read more about Prof. Dra. Paola Olivero<\/span>[&hellip;]<\/a><\/p>\n","protected":false},"author":4,"featured_media":0,"parent":0,"menu_order":0,"comment_status":"closed","ping_status":"closed","template":"","meta":{"footnotes":""},"_links":{"self":[{"href":"https:\/\/www.labre.com.ar\/es\/wp-json\/wp\/v2\/pages\/253"}],"collection":[{"href":"https:\/\/www.labre.com.ar\/es\/wp-json\/wp\/v2\/pages"}],"about":[{"href":"https:\/\/www.labre.com.ar\/es\/wp-json\/wp\/v2\/types\/page"}],"author":[{"embeddable":true,"href":"https:\/\/www.labre.com.ar\/es\/wp-json\/wp\/v2\/users\/4"}],"replies":[{"embeddable":true,"href":"https:\/\/www.labre.com.ar\/es\/wp-json\/wp\/v2\/comments?post=253"}],"version-history":[{"count":12,"href":"https:\/\/www.labre.com.ar\/es\/wp-json\/wp\/v2\/pages\/253\/revisions"}],"predecessor-version":[{"id":1221,"href":"https:\/\/www.labre.com.ar\/es\/wp-json\/wp\/v2\/pages\/253\/revisions\/1221"}],"wp:attachment":[{"href":"https:\/\/www.labre.com.ar\/es\/wp-json\/wp\/v2\/media?parent=253"}],"curies":[{"name":"wp","href":"https:\/\/api.w.org\/{rel}","templated":true}]}}