{"id":250,"date":"2016-10-13T22:01:54","date_gmt":"2016-10-14T01:01:54","guid":{"rendered":"http:\/\/localhost\/lab\/?page_id=250"},"modified":"2020-04-17T11:21:50","modified_gmt":"2020-04-17T14:21:50","slug":"matias-izquierdo","status":"publish","type":"page","link":"https:\/\/www.labre.com.ar\/es\/matias-izquierdo\/","title":{"rendered":"Dr. Mat\u00edas Izquierdo"},"content":{"rendered":"<p><em>Investigador Asiste<\/em><em>nte del CONICET, Instituto de Diversidad y Ecolog\u00eda Animal (IDEA).<\/em><\/p>\n<hr \/>\n<p><em><img loading=\"lazy\" decoding=\"async\" class=\"wp-image-387 alignleft\" src=\"http:\/\/localhost\/lab\/wp-content\/uploads\/2016\/10\/mati-300x300.jpg\" alt=\"mati\" width=\"216\" height=\"216\" srcset=\"https:\/\/www.labre.com.ar\/wp-content\/uploads\/2016\/10\/mati-300x300.jpg 300w, https:\/\/www.labre.com.ar\/wp-content\/uploads\/2016\/10\/mati-150x150.jpg 150w, https:\/\/www.labre.com.ar\/wp-content\/uploads\/2016\/10\/mati-768x768.jpg 768w, https:\/\/www.labre.com.ar\/wp-content\/uploads\/2016\/10\/mati-250x250.jpg 250w, https:\/\/www.labre.com.ar\/wp-content\/uploads\/2016\/10\/mati-174x174.jpg 174w, https:\/\/www.labre.com.ar\/wp-content\/uploads\/2016\/10\/mati.jpg 960w\" sizes=\"(max-width: 216px) 100vw, 216px\" \/><\/em><\/p>\n<p>Me gradu\u00e9 como bi\u00f3logo en el a\u00f1o 2008 en la Facultad de Ciencias Exactas, F\u00edsicas y Naturales (Universidad Nacional de C\u00f3rdoba). Durante el periodo 2009 a 2014 trabaj\u00e9 en el Museo Argentino de Ciencias Naturales \u201cBernardino Rivadavia\u201d de Buenos Aires, donde llev\u00e9 a cabo mu proyecto de tesis doctoral, financiado por una beca de CONICET.<\/p>\n<p>Mi l\u00ednea de trabajo fue la revisi\u00f3n taxon\u00f3mica y filogenia del g\u00e9nero\u00a0<em>Orchestina\u00a0<\/em>(Oonopidae) de Am\u00e9rica. Este proyecto form\u00f3 parte de uno mayor cuyo principal objetivo era la revisi\u00f3n mundial de la familia Oonopidae, que tambi\u00e9n inclu\u00eda a otros investigadores de Argentina y el mundo. Adem\u00e1s, tambi\u00e9n particip\u00e9 del proyecto AToL, enfocado en develar el \u00e1rbol filogen\u00e9tico de todas las ara\u00f1as. Mi mayor inter\u00e9s son la taxonom\u00eda, filogenia y morfolog\u00eda de las ara\u00f1as Sysnpermiata, con \u00e9nfasis en la superfamilia Dysderoidea. Actualmente, formo parte del Laboratorio de Biolog\u00eda Reproductiva y Evoluci\u00f3n del Instituto IDEA (C\u00f3rdoba) trabajando en diferentes aspectos de la biolog\u00eda de ara\u00f1as Ninetinae (Pholcidae) y familias relacionadas, especialmente en taxonomi\u00eda, biogeograf\u00eda y comportamiento.<\/p>\n<p>&nbsp;<\/p>\n<p>E-mail: <a href=\"mailto:matias_iz@outlook.com\">matias_iz@outlook.com<\/a><\/p>\n<p>&nbsp;<\/p>\n<p>&nbsp;<\/p>","protected":false},"excerpt":{"rendered":"<p>Investigador Asistente del CONICET, Instituto de Diversidad y Ecolog\u00eda Animal (IDEA). Me gradu\u00e9 como bi\u00f3logo en el a\u00f1o 2008 en la Facultad de Ciencias Exactas, F\u00edsicas y Naturales (Universidad Nacional de C\u00f3rdoba). Durante el periodo 2009 a 2014 trabaj\u00e9 en el Museo Argentino de Ciencias Naturales \u201cBernardino Rivadavia\u201d de Buenos Aires, donde llev\u00e9 a cabo <a href=\"https:\/\/www.labre.com.ar\/es\/matias-izquierdo\/\" rel=\"nofollow\"><span class=\"sr-only\">Read more about Dr. Mat\u00edas Izquierdo<\/span>[&hellip;]<\/a><\/p>\n","protected":false},"author":4,"featured_media":0,"parent":0,"menu_order":0,"comment_status":"closed","ping_status":"closed","template":"","meta":{"footnotes":""},"_links":{"self":[{"href":"https:\/\/www.labre.com.ar\/es\/wp-json\/wp\/v2\/pages\/250"}],"collection":[{"href":"https:\/\/www.labre.com.ar\/es\/wp-json\/wp\/v2\/pages"}],"about":[{"href":"https:\/\/www.labre.com.ar\/es\/wp-json\/wp\/v2\/types\/page"}],"author":[{"embeddable":true,"href":"https:\/\/www.labre.com.ar\/es\/wp-json\/wp\/v2\/users\/4"}],"replies":[{"embeddable":true,"href":"https:\/\/www.labre.com.ar\/es\/wp-json\/wp\/v2\/comments?post=250"}],"version-history":[{"count":12,"href":"https:\/\/www.labre.com.ar\/es\/wp-json\/wp\/v2\/pages\/250\/revisions"}],"predecessor-version":[{"id":985,"href":"https:\/\/www.labre.com.ar\/es\/wp-json\/wp\/v2\/pages\/250\/revisions\/985"}],"wp:attachment":[{"href":"https:\/\/www.labre.com.ar\/es\/wp-json\/wp\/v2\/media?parent=250"}],"curies":[{"name":"wp","href":"https:\/\/api.w.org\/{rel}","templated":true}]}}