{"id":247,"date":"2016-10-13T22:01:04","date_gmt":"2016-10-14T01:01:04","guid":{"rendered":"http:\/\/localhost\/lab\/?page_id=247"},"modified":"2018-02-19T10:15:44","modified_gmt":"2018-02-19T13:15:44","slug":"alejandra-ceballos","status":"publish","type":"page","link":"https:\/\/www.labre.com.ar\/es\/alejandra-ceballos\/","title":{"rendered":"Dra. Alejandra de Lourdes Ceballos"},"content":{"rendered":"<p>Doctora en Ciencias Biol\u00f3gicas y Profesora en Ciencias Biol\u00f3gicas, se \u00a0desempe\u00f1a en la c\u00e1tedra de Diversidad Animal I como Profesora Adjunta.<\/p>\n<hr \/>\n<p>&nbsp;<\/p>\n<p><img loading=\"lazy\" decoding=\"async\" class=\" wp-image-410 alignleft\" src=\"http:\/\/localhost\/lab\/wp-content\/uploads\/2016\/10\/alejandra-264x300.jpg\" alt=\"alejandra\" width=\"217\" height=\"246\" srcset=\"https:\/\/www.labre.com.ar\/wp-content\/uploads\/2016\/10\/alejandra-264x300.jpg 264w, https:\/\/www.labre.com.ar\/wp-content\/uploads\/2016\/10\/alejandra.jpg 617w\" sizes=\"(max-width: 217px) 100vw, 217px\" \/><\/p>\n<p>Comenz\u00e9 a estudiar el orden Pseudoscorpiones en el a\u00f1o 1999 y realiz\u00e9 mi trabajo de Tesis de Doctorado \u201cRelevamiento Sistem\u00e1tico y Distribucional de Pseudoscorpiones (Arachnida, Pseudoscorpiones) en las Sierras de C\u00f3rdoba, Argentina\u201d.<\/p>\n<p>Actualmente mi l\u00ednea de investigaci\u00f3n est\u00e1 orientada al estudio del comportamiento sexual de pseudoescorpiones y como afectan las gregarinas (Apicomplexa) su fitness y conducta general. \u00a0Proyectos que han derivado de los anteriores, prev\u00e9n determinar la existencia y funci\u00f3n de feromonas sexuales involucradas en la atracci\u00f3n y encuentro entre los individuos, como as\u00ed tambi\u00e9n indagar el compromiso inmunol\u00f3gico a nivel hemocitario\u00a0 ante la infecci\u00f3n de gregarinas y la melanizaci\u00f3n como respuesta y su posible efecto en la selecci\u00f3n sexual.<\/p>\n<p>&nbsp;<\/p>\n<p>&nbsp;<\/p>\n<p>&nbsp;<\/p>\n<p>&nbsp;<\/p>\n<p>&nbsp;<\/p>\n<p>E-mail: <a href=\"mailto:aperettibec@gmail.com\">cebalel@gmail.com<\/a>\u00a0, <a href=\"mailto:aceballos@unc.edu.ar\">aceballos@unc.edu.ar<\/a><\/p>","protected":false},"excerpt":{"rendered":"<p>Doctora en Ciencias Biol\u00f3gicas y Profesora en Ciencias Biol\u00f3gicas, se \u00a0desempe\u00f1a en la c\u00e1tedra de Diversidad Animal I como Profesora Adjunta. &nbsp; Comenz\u00e9 a estudiar el orden Pseudoscorpiones en el a\u00f1o 1999 y realiz\u00e9 mi trabajo de Tesis de Doctorado \u201cRelevamiento Sistem\u00e1tico y Distribucional de Pseudoscorpiones (Arachnida, Pseudoscorpiones) en las Sierras de C\u00f3rdoba, Argentina\u201d. Actualmente <a href=\"https:\/\/www.labre.com.ar\/es\/alejandra-ceballos\/\" rel=\"nofollow\"><span class=\"sr-only\">Read more about Dra. Alejandra de Lourdes Ceballos<\/span>[&hellip;]<\/a><\/p>\n","protected":false},"author":4,"featured_media":0,"parent":0,"menu_order":0,"comment_status":"closed","ping_status":"closed","template":"","meta":{"footnotes":""},"_links":{"self":[{"href":"https:\/\/www.labre.com.ar\/es\/wp-json\/wp\/v2\/pages\/247"}],"collection":[{"href":"https:\/\/www.labre.com.ar\/es\/wp-json\/wp\/v2\/pages"}],"about":[{"href":"https:\/\/www.labre.com.ar\/es\/wp-json\/wp\/v2\/types\/page"}],"author":[{"embeddable":true,"href":"https:\/\/www.labre.com.ar\/es\/wp-json\/wp\/v2\/users\/4"}],"replies":[{"embeddable":true,"href":"https:\/\/www.labre.com.ar\/es\/wp-json\/wp\/v2\/comments?post=247"}],"version-history":[{"count":10,"href":"https:\/\/www.labre.com.ar\/es\/wp-json\/wp\/v2\/pages\/247\/revisions"}],"predecessor-version":[{"id":741,"href":"https:\/\/www.labre.com.ar\/es\/wp-json\/wp\/v2\/pages\/247\/revisions\/741"}],"wp:attachment":[{"href":"https:\/\/www.labre.com.ar\/es\/wp-json\/wp\/v2\/media?parent=247"}],"curies":[{"name":"wp","href":"https:\/\/api.w.org\/{rel}","templated":true}]}}