{"id":245,"date":"2016-10-13T22:00:33","date_gmt":"2016-10-14T01:00:33","guid":{"rendered":"http:\/\/localhost\/lab\/?page_id=245"},"modified":"2022-07-12T08:52:00","modified_gmt":"2022-07-12T11:52:00","slug":"lucia-calbacho-rosa","status":"publish","type":"page","link":"https:\/\/www.labre.com.ar\/es\/lucia-calbacho-rosa\/","title":{"rendered":"Dra. Luc\u00eda Calbacho-Rosa"},"content":{"rendered":"<p><em>Investigadora Adjunto del CONICET, Instituto de Diversidad y Ecolog\u00eda Animal (IDEA).<\/em><\/p>\n<hr \/>\n<p><img loading=\"lazy\" decoding=\"async\" class=\" wp-image-385 alignleft\" src=\"http:\/\/localhost\/lab\/wp-content\/uploads\/2016\/10\/lu-221x300.jpg\" alt=\"lu\" width=\"137\" height=\"186\" srcset=\"https:\/\/www.labre.com.ar\/wp-content\/uploads\/2016\/10\/lu-221x300.jpg 221w, https:\/\/www.labre.com.ar\/wp-content\/uploads\/2016\/10\/lu.jpg 367w\" sizes=\"(max-width: 137px) 100vw, 137px\" \/><\/p>\n<p>Mi principal inter\u00e9s es el estudio de las conductas sexuales usando como modelo especies de ara\u00f1as de la familia Pholcidae. Las especies de esta familia son un buen modelo para analizar la existencia de patrones comportamentales y de divergencia morfol\u00f3gica sexual, ya que presentan una genitalia expuesta. Mi trabajo se enfoca en evaluar si los comportamientos que los machos realizan durante los apareamientos, as\u00ed como su morfolog\u00eda genital, influyen en el \u00e9xito de reproducci\u00f3n analizando diferentes variables (duraci\u00f3n de la c\u00f3pula, comportamientos copulatorios y post-copulatorios, \u00e9xito de transferencia y remoci\u00f3n esperm\u00e1tica, conteo de espermatozoides y paternidad). La intenci\u00f3n es contribuir al esclarecimiento de diversos puntos a\u00fan desconocidos o poco trabajados en el marco de la teor\u00eda de selecci\u00f3n sexual tales como: mecanismos estimulatorios versus coercitivos durante el apareamiento, efecto de la receptividad sexual femenina, competencia esperm\u00e1tica, elecci\u00f3n cr\u00edptica femenina y conflicto sexual.<\/p>\n<p>&nbsp;<\/p>\n<p>E-mail: <a href=\"mailto:luciacalbacho@gmail.com\">luciacalbacho@gmail.com<\/a><\/p>\n<p>&nbsp;<\/p>\n<p>&nbsp;<\/p>","protected":false},"excerpt":{"rendered":"<p>Investigadora Adjunto del CONICET, Instituto de Diversidad y Ecolog\u00eda Animal (IDEA). Mi principal inter\u00e9s es el estudio de las conductas sexuales usando como modelo especies de ara\u00f1as de la familia Pholcidae. Las especies de esta familia son un buen modelo para analizar la existencia de patrones comportamentales y de divergencia morfol\u00f3gica sexual, ya que presentan <a href=\"https:\/\/www.labre.com.ar\/es\/lucia-calbacho-rosa\/\" rel=\"nofollow\"><span class=\"sr-only\">Read more about Dra. Luc\u00eda Calbacho-Rosa<\/span>[&hellip;]<\/a><\/p>\n","protected":false},"author":4,"featured_media":0,"parent":0,"menu_order":0,"comment_status":"closed","ping_status":"closed","template":"","meta":{"footnotes":""},"_links":{"self":[{"href":"https:\/\/www.labre.com.ar\/es\/wp-json\/wp\/v2\/pages\/245"}],"collection":[{"href":"https:\/\/www.labre.com.ar\/es\/wp-json\/wp\/v2\/pages"}],"about":[{"href":"https:\/\/www.labre.com.ar\/es\/wp-json\/wp\/v2\/types\/page"}],"author":[{"embeddable":true,"href":"https:\/\/www.labre.com.ar\/es\/wp-json\/wp\/v2\/users\/4"}],"replies":[{"embeddable":true,"href":"https:\/\/www.labre.com.ar\/es\/wp-json\/wp\/v2\/comments?post=245"}],"version-history":[{"count":9,"href":"https:\/\/www.labre.com.ar\/es\/wp-json\/wp\/v2\/pages\/245\/revisions"}],"predecessor-version":[{"id":1264,"href":"https:\/\/www.labre.com.ar\/es\/wp-json\/wp\/v2\/pages\/245\/revisions\/1264"}],"wp:attachment":[{"href":"https:\/\/www.labre.com.ar\/es\/wp-json\/wp\/v2\/media?parent=245"}],"curies":[{"name":"wp","href":"https:\/\/api.w.org\/{rel}","templated":true}]}}