{"id":240,"date":"2016-10-13T21:59:22","date_gmt":"2016-10-14T00:59:22","guid":{"rendered":"http:\/\/localhost\/lab\/?page_id=240"},"modified":"2022-07-12T08:51:20","modified_gmt":"2022-07-12T11:51:20","slug":"david-vrech","status":"publish","type":"page","link":"https:\/\/www.labre.com.ar\/es\/david-vrech\/","title":{"rendered":"Prof. Dr. David Vrech"},"content":{"rendered":"<p><em>Investigador Adjunto del CONICET, Instituto de Diversidad y Ecolog\u00eda Animal (IDEA).<\/em><\/p>\n<p><em>Profesor Asistente, <\/em><em>Facultad de Ciencias Exactas, F\u00edsicas y Naturales, Universidad Nacional de C\u00f3rdoba.<\/em><\/p>\n<hr \/>\n<p>&nbsp;<\/p>\n<p><strong><img loading=\"lazy\" decoding=\"async\" class=\"size-medium wp-image-1002 alignleft\" src=\"https:\/\/www.labre.com.ar\/wp-content\/uploads\/2016\/10\/dav-1-260x300.jpg\" alt=\"dav\" width=\"260\" height=\"300\" srcset=\"https:\/\/www.labre.com.ar\/wp-content\/uploads\/2016\/10\/dav-1-260x300.jpg 260w, https:\/\/www.labre.com.ar\/wp-content\/uploads\/2016\/10\/dav-1-768x886.jpg 768w, https:\/\/www.labre.com.ar\/wp-content\/uploads\/2016\/10\/dav-1-888x1024.jpg 888w, https:\/\/www.labre.com.ar\/wp-content\/uploads\/2016\/10\/dav-1.jpg 1087w\" sizes=\"(max-width: 260px) 100vw, 260px\" \/>Mi l\u00ednea de investigaci\u00f3n <\/strong>es \u201cSelecci\u00f3n sexual en ar\u00e1cnidos: producci\u00f3n y uso del esperma en diferentes sistemas de apareamiento\u201d. Esta l\u00ednea se enfoca en particular en la influencia de la competencia esperm\u00e1tica sobre diferentes mecanismos esperm\u00e1ticos.<em><br \/>\n<\/em><\/p>\n<p>Mi objeto de estudio son los ar\u00e1cnidos de los \u00f3rdenes Scorpiones y Solifugae. Dentro de la biolog\u00eda reproductiva de estos grupos, es escaso el conocimiento sobre el almacenamiento de esperma dentro de los machos y la transferencia de los eyaculados. Adem\u00e1s, no existen a la fecha muchos trabajos que hablen sobre el destino del esperma dentro del sistema genital femenino y la din\u00e1mica y fisiolog\u00eda del espermatozoide en general. As\u00ed es que con mi presente l\u00ednea de estudio pretendo analizar, en los modelos de estudio, esas variables de producci\u00f3n y almacenamiento en machos y la din\u00e1mica del espermatozoide y los patrones de fertilizaci\u00f3n dentro del tracto reproductivo femenino. Finalmente, tambi\u00e9n busco realizar un an\u00e1lisis preliminar de la fisiolog\u00eda energ\u00e9tica del espermatozoide en estos grupos. diferentes variables de producci\u00f3n y almacenamiento en machos, variables de din\u00e1mica esperm\u00e1tica y patrones de fertilizaci\u00f3n en hembras, y por \u00faltimo realizar un an\u00e1lisis preliminar de la fisiolog\u00eda energ\u00e9tica del espermatozoide. Ya me encuentro analizando el volumen y la concentraci\u00f3n de espermatozoides dentro de las ves\u00edculas seminales y eyaculados de los machos. Para completar estos an\u00e1lisis recurro a t\u00e9cnicas est\u00e1ndar como conteo con c\u00e1mara de Neubauer, microscop\u00eda de fluorescencia y microscop\u00eda electr\u00f3nica de barrido y transmisi\u00f3n.<\/p>\n<p>&nbsp;<\/p>\n<p>E-mail: <a href=\"mailto:dvrech@yahoo.com\">dvrech@yahoo.com<\/a><\/p>\n<p>&nbsp;<\/p>\n<p>&nbsp;<\/p>","protected":false},"excerpt":{"rendered":"<p>Investigador Adjunto del CONICET, Instituto de Diversidad y Ecolog\u00eda Animal (IDEA). Profesor Asistente, Facultad de Ciencias Exactas, F\u00edsicas y Naturales, Universidad Nacional de C\u00f3rdoba. &nbsp; Mi l\u00ednea de investigaci\u00f3n es \u201cSelecci\u00f3n sexual en ar\u00e1cnidos: producci\u00f3n y uso del esperma en diferentes sistemas de apareamiento\u201d. Esta l\u00ednea se enfoca en particular en la influencia de la <a href=\"https:\/\/www.labre.com.ar\/es\/david-vrech\/\" rel=\"nofollow\"><span class=\"sr-only\">Read more about Prof. Dr. David Vrech<\/span>[&hellip;]<\/a><\/p>\n","protected":false},"author":4,"featured_media":0,"parent":0,"menu_order":0,"comment_status":"closed","ping_status":"closed","template":"","meta":{"footnotes":""},"_links":{"self":[{"href":"https:\/\/www.labre.com.ar\/es\/wp-json\/wp\/v2\/pages\/240"}],"collection":[{"href":"https:\/\/www.labre.com.ar\/es\/wp-json\/wp\/v2\/pages"}],"about":[{"href":"https:\/\/www.labre.com.ar\/es\/wp-json\/wp\/v2\/types\/page"}],"author":[{"embeddable":true,"href":"https:\/\/www.labre.com.ar\/es\/wp-json\/wp\/v2\/users\/4"}],"replies":[{"embeddable":true,"href":"https:\/\/www.labre.com.ar\/es\/wp-json\/wp\/v2\/comments?post=240"}],"version-history":[{"count":12,"href":"https:\/\/www.labre.com.ar\/es\/wp-json\/wp\/v2\/pages\/240\/revisions"}],"predecessor-version":[{"id":1263,"href":"https:\/\/www.labre.com.ar\/es\/wp-json\/wp\/v2\/pages\/240\/revisions\/1263"}],"wp:attachment":[{"href":"https:\/\/www.labre.com.ar\/es\/wp-json\/wp\/v2\/media?parent=240"}],"curies":[{"name":"wp","href":"https:\/\/api.w.org\/{rel}","templated":true}]}}