{"id":238,"date":"2016-10-13T21:58:19","date_gmt":"2016-10-14T00:58:19","guid":{"rendered":"http:\/\/localhost\/lab\/?page_id=238"},"modified":"2018-08-28T18:28:47","modified_gmt":"2018-08-28T21:28:47","slug":"camilo-c-mattoni","status":"publish","type":"page","link":"https:\/\/www.labre.com.ar\/es\/camilo-c-mattoni\/","title":{"rendered":"Prof. Dr. Camilo I. Mattoni"},"content":{"rendered":"<p><em>Investigador Independiente del CONICET, Instituto de Diversidad y Ecolog\u00eda Animal (IDEA).<\/em><\/p>\n<p><em>Profesor Adjunto, Facultad de Ciencias Exactas, F\u00edsicas y Naturales, Universidad Nacional de C\u00f3rdoba.<\/em><\/p>\n<hr \/>\n<p>&nbsp;<\/p>\n<p><em><img loading=\"lazy\" decoding=\"async\" class=\"wp-image-380 alignleft\" src=\"http:\/\/localhost\/lab\/wp-content\/uploads\/2016\/10\/cam-240x300.jpg\" alt=\"cam\" width=\"181\" height=\"227\" srcset=\"https:\/\/www.labre.com.ar\/wp-content\/uploads\/2016\/10\/cam-240x300.jpg 240w, https:\/\/www.labre.com.ar\/wp-content\/uploads\/2016\/10\/cam.jpg 416w\" sizes=\"(max-width: 181px) 100vw, 181px\" \/><\/em><\/p>\n<p><strong>Mi l\u00ednea de investigaci\u00f3n<\/strong>\u00a0se refiere a la \u201cFilogenia, morfolog\u00eda comparada, comportamiento reproductivo, evoluci\u00f3n y ecolog\u00eda de escorpiones: un enfoque multidisciplinario\u201d.<\/p>\n<p>Realizo estudios de sistem\u00e1tica y morfolog\u00eda comparada de escorpiones, fundamentalmente sobre biodiversidad, filogenia y distribuci\u00f3n de la familia Bothriuridae. Tambi\u00e9n estudio patrones evolutivos en la biolog\u00eda reproductiva de los escorpiones, desde un enfoque de teor\u00edas de selecci\u00f3n sexual. He realizado varias contribuciones al estudio de la ecolog\u00eda de campo de escorpiones en el Chaco \u00e1rido de Argentina, y a la morfolog\u00eda interna y del esperma de los escorpiones. He participado en numerosas expediciones de campo colectando ar\u00e1cnidos en Sudam\u00e9rica, recorriendo desde desiertos a selvas, desde nivel del mar hasta los 5000 m. En estos a\u00f1os, adem\u00e1s de contribuir al conocimiento sobre escorpiones, tambi\u00e9n he colaborado en aspectos te\u00f3ricos de los an\u00e1lisis filogen\u00e9ticos, y en biogeograf\u00eda y filogenias de otros grupos (ascidias y v\u00edboras). Mi mayor inter\u00e9s es integrar conocimientos de las diversas \u00e1reas, para abordar el estudio de la evoluci\u00f3n de los ar\u00e1cnidos desde un enfoque netamente multidisciplinario.<\/p>\n<p>E-mail: <a href=\"mailto:camilomattoni@gmail.com\">camilomattoni@gmail.com<\/a><\/p>","protected":false},"excerpt":{"rendered":"<p>Investigador Independiente del CONICET, Instituto de Diversidad y Ecolog\u00eda Animal (IDEA). Profesor Adjunto, Facultad de Ciencias Exactas, F\u00edsicas y Naturales, Universidad Nacional de C\u00f3rdoba. &nbsp; Mi l\u00ednea de investigaci\u00f3n\u00a0se refiere a la \u201cFilogenia, morfolog\u00eda comparada, comportamiento reproductivo, evoluci\u00f3n y ecolog\u00eda de escorpiones: un enfoque multidisciplinario\u201d. Realizo estudios de sistem\u00e1tica y morfolog\u00eda comparada de escorpiones, fundamentalmente <a href=\"https:\/\/www.labre.com.ar\/es\/camilo-c-mattoni\/\" rel=\"nofollow\"><span class=\"sr-only\">Read more about Prof. Dr. Camilo I. Mattoni<\/span>[&hellip;]<\/a><\/p>\n","protected":false},"author":4,"featured_media":0,"parent":0,"menu_order":0,"comment_status":"closed","ping_status":"closed","template":"","meta":{"footnotes":""},"_links":{"self":[{"href":"https:\/\/www.labre.com.ar\/es\/wp-json\/wp\/v2\/pages\/238"}],"collection":[{"href":"https:\/\/www.labre.com.ar\/es\/wp-json\/wp\/v2\/pages"}],"about":[{"href":"https:\/\/www.labre.com.ar\/es\/wp-json\/wp\/v2\/types\/page"}],"author":[{"embeddable":true,"href":"https:\/\/www.labre.com.ar\/es\/wp-json\/wp\/v2\/users\/4"}],"replies":[{"embeddable":true,"href":"https:\/\/www.labre.com.ar\/es\/wp-json\/wp\/v2\/comments?post=238"}],"version-history":[{"count":9,"href":"https:\/\/www.labre.com.ar\/es\/wp-json\/wp\/v2\/pages\/238\/revisions"}],"predecessor-version":[{"id":760,"href":"https:\/\/www.labre.com.ar\/es\/wp-json\/wp\/v2\/pages\/238\/revisions\/760"}],"wp:attachment":[{"href":"https:\/\/www.labre.com.ar\/es\/wp-json\/wp\/v2\/media?parent=238"}],"curies":[{"name":"wp","href":"https:\/\/api.w.org\/{rel}","templated":true}]}}