{"id":236,"date":"2016-10-13T21:57:46","date_gmt":"2016-10-14T00:57:46","guid":{"rendered":"http:\/\/localhost\/lab\/?page_id=236"},"modified":"2017-12-26T17:51:33","modified_gmt":"2017-12-26T20:51:33","slug":"alfredo-v-peretti","status":"publish","type":"page","link":"https:\/\/www.labre.com.ar\/es\/alfredo-v-peretti\/","title":{"rendered":"Prof. Dr. Alfredo V. Peretti"},"content":{"rendered":"<p><\/p>\n<p style=\"text-align: left;\"><em>Investigador Principal del<\/em><em> CONICET, Instituto de Diversidad y Ecolog\u00eda Animal (IDEA).<\/em><\/p>\n<p style=\"text-align: left;\"><em>Profeso<\/em><em><img loading=\"lazy\" decoding=\"async\" class=\"wp-image-379 alignleft\" src=\"http:\/\/localhost\/lab\/wp-content\/uploads\/2016\/10\/alf-297x300.jpg\" alt=\"alf\" width=\"213\" height=\"215\" srcset=\"https:\/\/www.labre.com.ar\/wp-content\/uploads\/2016\/10\/alf-297x300.jpg 297w, https:\/\/www.labre.com.ar\/wp-content\/uploads\/2016\/10\/alf-150x150.jpg 150w, https:\/\/www.labre.com.ar\/wp-content\/uploads\/2016\/10\/alf.jpg 470w\" sizes=\"(max-width: 213px) 100vw, 213px\" \/><\/em><em>r Asociado, Facultad de Ciencias Exactas, F\u00edsicas y Naturales, Universidad Nacional de C\u00f3rdoba.<\/em><\/p>\n<hr \/>\n<p><strong>Mi l\u00ednea de investigaci\u00f3n<\/strong> se orienta al estudio de la biolog\u00eda reproductiva de ar\u00e1cnidos y otros artr\u00f3podos. En este contexto, abordo tem\u00e1ticas enmarcadas dentro de la selecci\u00f3n sexual.<\/p>\n<p>Si bien el enfoque de mi trabajo es principalmente comportamental, intento incluir aspectos asociados a la ecolog\u00eda, morfolog\u00eda funcional, fisiolog\u00eda y gen\u00e9tica.<\/p>\n<p>Ciertos trabajos tienen un mayor componente de biolog\u00eda comparada, en tanto otros de tipo experimental, dependiendo del tipo de preguntas y organismos involucrados en el estudio.Mi inter\u00e9s es poder ofrecer una visi\u00f3n integrada de perspectivas de selecci\u00f3n sexual, tanto en lo te\u00f3rico como en lo pr\u00e1ctico, abarcando revisiones de car\u00e1cter metodol\u00f3gico. Me interesa utilizar especies particulares como \u201cmodelos\u201d de estudio (ej., para responder ciertas preguntas espec\u00edficas sobre mecanismos) como tambi\u00e9n aportar datos en diversos grupos a nivel puramente descriptivo (ej. patrones), ya que \u00e9stos pueden enriquecer el conocimiento de la diversidad que tenemos en Argentina. Dentro de los ar\u00e1cnidos, entre algunos grupos con los que he trabajado figuran escorpiones, ara\u00f1as y sol\u00edfugos; complementariamente, amblip\u00edgidos, opiliones y ricin\u00falidos. En insectos, principalmente odonatos; espor\u00e1dicamente en peces entre los vertebrados, a los fines de aprender y perfeccionar mi visi\u00f3n en los macro-comparativo (ej. analog\u00edas, convergencias evolutivas en estrategias reproductivas). Coordino un grupo joven y entusiasta de becarios de doctorado, postdoctorado, e investigadores sobre biolog\u00eda reproductiva y evoluci\u00f3n de ar\u00e1cnidos y otros artr\u00f3podos.<\/p>\n<p>E-mail: <a href=\"mailto:aperettibec@gmail.com\">aperettibec@gmail.com<\/a><\/p>\n<p>&nbsp;<\/p>","protected":false},"excerpt":{"rendered":"<p>Investigador Principal del CONICET, Instituto de Diversidad y Ecolog\u00eda Animal (IDEA). Profesor Asociado, Facultad de Ciencias Exactas, F\u00edsicas y Naturales, Universidad Nacional de C\u00f3rdoba. Mi l\u00ednea de investigaci\u00f3n se orienta al estudio de la biolog\u00eda reproductiva de ar\u00e1cnidos y otros artr\u00f3podos. En este contexto, abordo tem\u00e1ticas enmarcadas dentro de la selecci\u00f3n sexual. Si bien el <a href=\"https:\/\/www.labre.com.ar\/es\/alfredo-v-peretti\/\" rel=\"nofollow\"><span class=\"sr-only\">Read more about Prof. Dr. Alfredo V. Peretti<\/span>[&hellip;]<\/a><\/p>\n","protected":false},"author":4,"featured_media":0,"parent":0,"menu_order":0,"comment_status":"closed","ping_status":"closed","template":"","meta":{"footnotes":""},"_links":{"self":[{"href":"https:\/\/www.labre.com.ar\/es\/wp-json\/wp\/v2\/pages\/236"}],"collection":[{"href":"https:\/\/www.labre.com.ar\/es\/wp-json\/wp\/v2\/pages"}],"about":[{"href":"https:\/\/www.labre.com.ar\/es\/wp-json\/wp\/v2\/types\/page"}],"author":[{"embeddable":true,"href":"https:\/\/www.labre.com.ar\/es\/wp-json\/wp\/v2\/users\/4"}],"replies":[{"embeddable":true,"href":"https:\/\/www.labre.com.ar\/es\/wp-json\/wp\/v2\/comments?post=236"}],"version-history":[{"count":5,"href":"https:\/\/www.labre.com.ar\/es\/wp-json\/wp\/v2\/pages\/236\/revisions"}],"predecessor-version":[{"id":623,"href":"https:\/\/www.labre.com.ar\/es\/wp-json\/wp\/v2\/pages\/236\/revisions\/623"}],"wp:attachment":[{"href":"https:\/\/www.labre.com.ar\/es\/wp-json\/wp\/v2\/media?parent=236"}],"curies":[{"name":"wp","href":"https:\/\/api.w.org\/{rel}","templated":true}]}}