{"id":1146,"date":"2022-04-28T11:37:25","date_gmt":"2022-04-28T14:37:25","guid":{"rendered":"https:\/\/www.labre.com.ar\/?page_id=1146"},"modified":"2022-04-28T13:42:08","modified_gmt":"2022-04-28T16:42:08","slug":"seminarios-labre","status":"publish","type":"page","link":"https:\/\/www.labre.com.ar\/es\/seminarios-labre\/","title":{"rendered":"Seminarios LABRE"},"content":{"rendered":"<h3><strong><u>Seminarios abiertos LABRE 2020<\/u><\/strong><\/h3>\n<p>&nbsp;<\/p>\n<p><strong>Dr. Ignacio Escalante<\/strong> <em>(Universidad de Berkeley-USA-)<\/em><\/p>\n<p><a href=\"https:\/\/nam12.safelinks.protection.outlook.com\/?url=https%3A%2F%2Fwww.youtube.com%2Fwatch%3Fv%3DRE6-8rJwhns&amp;data=05%7C01%7C%7C6dc031aa9ff84a92503708da27a7dc0c%7C84df9e7fe9f640afb435aaaaaaaaaaaa%7C1%7C0%7C637865899155572934%7CUnknown%7CTWFpbGZsb3d8eyJWIjoiMC4wLjAwMDAiLCJQIjoiV2luMzIiLCJBTiI6Ik1haWwiLCJXVCI6Mn0%3D%7C3000%7C%7C%7C&amp;sdata=xi7Er8zc%2BHKYg3vCAKIxRNDW7Ucx6cXPuvLyNotOMmI%3D&amp;reserved=0\" data-auth=\"Verified\" data-linkindex=\"0\">https:\/\/www.youtube.com\/watch?v=RE6-8rJwhns<\/a>&nbsp;<\/p>\n<p>T\u00edtulo: <strong>Las consecuencias de la p\u00e9rdida de patas en opiliones<\/strong><\/p>\n<hr>\n<p><strong>Dr. Alex C\u00f3rdoba-Aguilar <\/strong><em>(Universidad Nacional Aut\u00f3noma&nbsp;de M\u00e9xico -M\u00e9xico)<\/em><\/p>\n<p><a href=\"https:\/\/nam12.safelinks.protection.outlook.com\/?url=https%3A%2F%2Fwww.youtube.com%2Fwatch%3Fv%3DHBoEPHhb4hA&amp;data=05%7C01%7C%7C6dc031aa9ff84a92503708da27a7dc0c%7C84df9e7fe9f640afb435aaaaaaaaaaaa%7C1%7C0%7C637865899155572934%7CUnknown%7CTWFpbGZsb3d8eyJWIjoiMC4wLjAwMDAiLCJQIjoiV2luMzIiLCJBTiI6Ik1haWwiLCJXVCI6Mn0%3D%7C3000%7C%7C%7C&amp;sdata=gW6nvEDrO5HibRgyVQsAU%2BuSNI%2F3hDEeV5ubKbVO8gM%3D&amp;reserved=0\">https:\/\/www.youtube.com\/watch?v=HBoEPHhb4hA<\/a><\/p>\n<p>T\u00edtulo: <strong>Vinchucas zombies: manipulaci\u00f3n de hospederos por sus par\u00e1sitos<\/strong><\/p>\n<hr>\n<p><strong>Dr. Rafael Rodriguez <\/strong><em>(Universidad&nbsp;Wisconsin-Milwaukee-USA-)<\/em><\/p>\n<p><a href=\"https:\/\/nam12.safelinks.protection.outlook.com\/?url=https%3A%2F%2Fwww.youtube.com%2Fwatch%3Fv%3D6U6HTO6ZzGo&amp;data=05%7C01%7C%7C6dc031aa9ff84a92503708da27a7dc0c%7C84df9e7fe9f640afb435aaaaaaaaaaaa%7C1%7C0%7C637865899155572934%7CUnknown%7CTWFpbGZsb3d8eyJWIjoiMC4wLjAwMDAiLCJQIjoiV2luMzIiLCJBTiI6Ik1haWwiLCJXVCI6Mn0%3D%7C3000%7C%7C%7C&amp;sdata=9to8SesxIcYNUAg%2F5F%2FKU48TFiM1fe8QJ8TWN5SeuN0%3D&amp;reserved=0\" data-auth=\"Verified\" data-linkindex=\"2\">https:\/\/www.youtube.com\/watch?v=6U6HTO6ZzGo<\/a><\/p>\n<p>T\u00edtulo: <strong>Fenotipos cognitivos en artr\u00f3podos: abriendo la caja negra del cerebro<\/strong><\/p>\n<hr>\n<p><strong>Dr. William Eberhard <\/strong><em>(Universidad de Costa Rica\/Smithsonian Tropical Research Institute- Costa Rica\/USA)<\/em><\/p>\n<p><a href=\"https:\/\/nam12.safelinks.protection.outlook.com\/?url=https%3A%2F%2Fwww.youtube.com%2Fwatch%3Fv%3DgEoUAoaIfaE&amp;data=05%7C01%7C%7C6dc031aa9ff84a92503708da27a7dc0c%7C84df9e7fe9f640afb435aaaaaaaaaaaa%7C1%7C0%7C637865899155572934%7CUnknown%7CTWFpbGZsb3d8eyJWIjoiMC4wLjAwMDAiLCJQIjoiV2luMzIiLCJBTiI6Ik1haWwiLCJXVCI6Mn0%3D%7C3000%7C%7C%7C&amp;sdata=Z5bk70Mvkkp0dQKmKxES2gwOqUOcg5ltpq1bSCkw9ZU%3D&amp;reserved=0\" data-auth=\"Verified\" data-linkindex=\"3\">https:\/\/www.youtube.com\/watch?v=gEoUAoaIfaE<\/a><\/p>\n<p>T\u00edtulo: <strong>La alometr\u00eda y la selecci\u00f3n sexual<\/strong><\/p>\n<hr>\n<p><strong>Dra. Shakira Qui\u00f1ones <\/strong><em>(Bioloski Institut)<\/em><\/p>\n<p><a href=\"https:\/\/nam12.safelinks.protection.outlook.com\/?url=https%3A%2F%2Fwww.youtube.com%2Fwatch%3Fv%3DAYm_DgN2qVE&amp;data=05%7C01%7C%7C6dc031aa9ff84a92503708da27a7dc0c%7C84df9e7fe9f640afb435aaaaaaaaaaaa%7C1%7C0%7C637865899155572934%7CUnknown%7CTWFpbGZsb3d8eyJWIjoiMC4wLjAwMDAiLCJQIjoiV2luMzIiLCJBTiI6Ik1haWwiLCJXVCI6Mn0%3D%7C3000%7C%7C%7C&amp;sdata=3gcRp79YLxd2vSThyEysfmhpmigkP3ysxJrjkNIchac%3D&amp;reserved=0\" data-auth=\"Verified\" data-linkindex=\"4\">https:\/\/www.youtube.com\/watch?v=AYm_DgN2qVE<\/a><\/p>\n<p>T\u00edtulo: <strong><em>Nephilingis cruentata<\/em> como modelo para el estudio del dimorfismo sexual<\/strong><\/p>\n<hr>\n<hr>\n<h3><strong><u>Seminarios abiertos LABRE 2021<\/u><\/strong><\/h3>\n<p>&nbsp;<\/p>\n<p><strong>Dra. Anita Aisenberg <\/strong><em>(Instituto de Investigaciones Biol\u00f3gicas&nbsp;Clemente Estable- Uruguay-)<\/em><\/p>\n<p><a href=\"https:\/\/nam12.safelinks.protection.outlook.com\/?url=https%3A%2F%2Fwww.youtube.com%2Fwatch%3Fv%3DUMWTjF0qUPg&amp;data=05%7C01%7C%7C6dc031aa9ff84a92503708da27a7dc0c%7C84df9e7fe9f640afb435aaaaaaaaaaaa%7C1%7C0%7C637865899155572934%7CUnknown%7CTWFpbGZsb3d8eyJWIjoiMC4wLjAwMDAiLCJQIjoiV2luMzIiLCJBTiI6Ik1haWwiLCJXVCI6Mn0%3D%7C3000%7C%7C%7C&amp;sdata=rthHSaqAZ%2BUifnjHgpQ6mhx8%2BKIzPQwhJ5UZ7OC77K0%3D&amp;reserved=0\" data-auth=\"Verified\" data-linkindex=\"5\">https:\/\/www.youtube.com\/watch?v=UMWTjF0qUPg<\/a><\/p>\n<p>T\u00edtulo: <strong>Palabras, im\u00e1genes et al. para contar historias poderosas de Ciencia<\/strong><\/p>\n<hr>\n<p><strong>Dr. Glauco Machado <\/strong><em>(Universidad de S\u00e3o Paulo &#8211; Brasil-)<\/em><\/p>\n<p><a href=\"https:\/\/nam12.safelinks.protection.outlook.com\/?url=https%3A%2F%2Fwww.youtube.com%2Fwatch%3Fv%3Dh2DIGh1RPRQ&amp;data=05%7C01%7C%7C6dc031aa9ff84a92503708da27a7dc0c%7C84df9e7fe9f640afb435aaaaaaaaaaaa%7C1%7C0%7C637865899155572934%7CUnknown%7CTWFpbGZsb3d8eyJWIjoiMC4wLjAwMDAiLCJQIjoiV2luMzIiLCJBTiI6Ik1haWwiLCJXVCI6Mn0%3D%7C3000%7C%7C%7C&amp;sdata=u10E5zN0rn1E5MUOWzxjCXhrK8sx7TuKljzNRXHPH5Q%3D&amp;reserved=0\" data-auth=\"Verified\" data-linkindex=\"6\">https:\/\/www.youtube.com\/watch?v=h2DIGh1RPRQ<\/a><\/p>\n<p>T\u00edtulo: <strong>\u00bfLa existencia de patrones globales es un lujo de quienes trabajan con diversidad de especies?<\/strong><\/p>\n<hr>\n<p><strong>Dr. Fernando Garcia <\/strong><em>(Instituto de Investigaciones Bioqu\u00edmicas&nbsp;de la Plata &#8220;Prof. Dr. Rodolfo R. Brenner&#8221;-Argentina-)<\/em><\/p>\n<p><a href=\"https:\/\/nam12.safelinks.protection.outlook.com\/?url=https%3A%2F%2Fwww.youtube.com%2Fwatch%3Fv%3DZeQsQ8SgK24&amp;data=05%7C01%7C%7C6dc031aa9ff84a92503708da27a7dc0c%7C84df9e7fe9f640afb435aaaaaaaaaaaa%7C1%7C0%7C637865899155572934%7CUnknown%7CTWFpbGZsb3d8eyJWIjoiMC4wLjAwMDAiLCJQIjoiV2luMzIiLCJBTiI6Ik1haWwiLCJXVCI6Mn0%3D%7C3000%7C%7C%7C&amp;sdata=P%2BtRsAY2Bc%2BZMGnEiYmZ87jTcGA9KZ4ga91u3ezu97w%3D&amp;reserved=0\" data-auth=\"Verified\" data-linkindex=\"7\">https:\/\/www.youtube.com\/watch?v=ZeQsQ8SgK24<\/a><\/p>\n<p>T\u00edtulo: <strong>Bioqu\u00edmica de ar\u00e1cnidos: generalidades de adaptaciones fisiol\u00f3gicas a diferentes entornos&#8221;.<\/strong><\/p>\n<hr>\n<p><strong>Dr. Carlos Cordero <\/strong><em>(Universidad Nacional Autonoma de M\u00e9xico &#8211; M\u00e9xico-)<\/em><\/p>\n<p><a href=\"https:\/\/nam12.safelinks.protection.outlook.com\/?url=https%3A%2F%2Fwww.youtube.com%2Fwatch%3Fv%3DLnWt7R7S-zM&amp;data=05%7C01%7C%7C6dc031aa9ff84a92503708da27a7dc0c%7C84df9e7fe9f640afb435aaaaaaaaaaaa%7C1%7C0%7C637865899155572934%7CUnknown%7CTWFpbGZsb3d8eyJWIjoiMC4wLjAwMDAiLCJQIjoiV2luMzIiLCJBTiI6Ik1haWwiLCJXVCI6Mn0%3D%7C3000%7C%7C%7C&amp;sdata=pFks6ELlmBoBkjXB0ECM3P430Ai3YEyW0tMWQk7iTj4%3D&amp;reserved=0\" data-auth=\"Verified\" data-linkindex=\"8\">https:\/\/www.youtube.com\/watch?v=LnWt7R7S-zM<\/a><\/p>\n<p>T\u00edtulo:&nbsp;<strong>La extraordinaria complejidad funcional de los genitales femeninos de Lepidoptera&nbsp;<\/strong><\/p>\n<hr>\n<p><strong>Dr. Everton Tizo Pedroso <\/strong><em>(Universidade Estadual de Goi\u00e1s-Brasil-)<\/em><\/p>\n<p><a href=\"https:\/\/nam12.safelinks.protection.outlook.com\/?url=https%3A%2F%2Fwww.youtube.com%2Fwatch%3Fv%3DHLwi6Dl-Ne4&amp;data=05%7C01%7C%7C6dc031aa9ff84a92503708da27a7dc0c%7C84df9e7fe9f640afb435aaaaaaaaaaaa%7C1%7C0%7C637865899155572934%7CUnknown%7CTWFpbGZsb3d8eyJWIjoiMC4wLjAwMDAiLCJQIjoiV2luMzIiLCJBTiI6Ik1haWwiLCJXVCI6Mn0%3D%7C3000%7C%7C%7C&amp;sdata=1M5jsTmvtzJcP2vf9HVEzDoi35utjnt2bq2GEDRsP7Y%3D&amp;reserved=0\" data-auth=\"Verified\" data-linkindex=\"9\">https:\/\/www.youtube.com\/watch?v=HLwi6Dl-Ne4<\/a><\/p>\n<p>T\u00edtulo:&nbsp;<strong>Ecolog\u00eda y evoluci\u00f3n de la socialidad en pseudoescorpiones<\/strong><\/p>\n<hr>\n<p><strong>Dr. Martin Ramirez <\/strong><em>(Museo Argentino de Ciencias Naturales &#8220;Bernardino Rivadavia&#8221; &#8211; Argentina-)&nbsp;<\/em><\/p>\n<p><a href=\"https:\/\/nam12.safelinks.protection.outlook.com\/?url=https%3A%2F%2Fwww.youtube.com%2Fwatch%3Fv%3DUJrfnzcnDpE&amp;data=05%7C01%7C%7C6dc031aa9ff84a92503708da27a7dc0c%7C84df9e7fe9f640afb435aaaaaaaaaaaa%7C1%7C0%7C637865899155572934%7CUnknown%7CTWFpbGZsb3d8eyJWIjoiMC4wLjAwMDAiLCJQIjoiV2luMzIiLCJBTiI6Ik1haWwiLCJXVCI6Mn0%3D%7C3000%7C%7C%7C&amp;sdata=MMaGi23Im6qNXgCYIlRK2ZHObTnwkckoVohLo6pOiwM%3D&amp;reserved=0\" data-auth=\"Verified\" data-linkindex=\"10\">https:\/\/www.youtube.com\/watch?v=UJrfnzcnDpE<\/a><\/p>\n<p>T\u00edtulo:&nbsp;<strong>Filogenia de ara\u00f1as: Reivindicando la homoplasia<\/strong><\/p>\n<hr>\n<p><strong>Dra. Gabriele Uhl <\/strong><em>(Universidad de Greifswald -Alemania-)<\/em><\/p>\n<p><a href=\"https:\/\/nam12.safelinks.protection.outlook.com\/?url=https%3A%2F%2Fwww.youtube.com%2Fwatch%3Fv%3D2FinDdzbu18&amp;data=05%7C01%7C%7C6dc031aa9ff84a92503708da27a7dc0c%7C84df9e7fe9f640afb435aaaaaaaaaaaa%7C1%7C0%7C637865899155572934%7CUnknown%7CTWFpbGZsb3d8eyJWIjoiMC4wLjAwMDAiLCJQIjoiV2luMzIiLCJBTiI6Ik1haWwiLCJXVCI6Mn0%3D%7C3000%7C%7C%7C&amp;sdata=Hon4KtSmwoc7qzsOU6QAHE4cCceu%2FTDSp%2F7X7zzA%2B28%3D&amp;reserved=0\" data-auth=\"Verified\" data-linkindex=\"11\">https:\/\/www.youtube.com\/watch?v=2FinDdzbu18<\/a><\/p>\n<p>T\u00edtulo: <strong>Comunicaci\u00f3n qu\u00edmica en ara\u00f1as<\/strong><\/p>\n<hr>\n<p><strong>Dra. Eileen Hebets <\/strong><em>(Universidad de Nebraska-Lincoln- USA-)<\/em><\/p>\n<p><a href=\"https:\/\/nam12.safelinks.protection.outlook.com\/?url=https%3A%2F%2Fwww.youtube.com%2Fwatch%3Fv%3De2zDmo-rvWU&amp;data=05%7C01%7C%7C6dc031aa9ff84a92503708da27a7dc0c%7C84df9e7fe9f640afb435aaaaaaaaaaaa%7C1%7C0%7C637865899155572934%7CUnknown%7CTWFpbGZsb3d8eyJWIjoiMC4wLjAwMDAiLCJQIjoiV2luMzIiLCJBTiI6Ik1haWwiLCJXVCI6Mn0%3D%7C3000%7C%7C%7C&amp;sdata=0V7srFOtcUKMeKZY%2BejKx5bBkGbpdC9vNh3Q%2BU76%2B0I%3D&amp;reserved=0\" data-auth=\"Verified\" data-linkindex=\"12\">https:\/\/www.youtube.com\/watch?v=e2zDmo-rvWU<\/a><\/p>\n<p>T\u00edtulo: <strong>Amblipigidos incre\u00edbles \u2013 un tributo al Dr. Peter Weygoldt<\/strong><\/p>\n","protected":false},"excerpt":{"rendered":"<p>Seminarios abiertos LABRE 2020 &nbsp; Dr. Ignacio Escalante (Universidad de Berkeley-USA-) https:\/\/www.youtube.com\/watch?v=RE6-8rJwhns&nbsp; T\u00edtulo: Las consecuencias de la p\u00e9rdida de patas en opiliones Dr. Alex C\u00f3rdoba-Aguilar (Universidad Nacional Aut\u00f3noma&nbsp;de M\u00e9xico -M\u00e9xico) https:\/\/www.youtube.com\/watch?v=HBoEPHhb4hA T\u00edtulo: Vinchucas zombies: manipulaci\u00f3n de hospederos por sus par\u00e1sitos Dr. Rafael Rodriguez (Universidad&nbsp;Wisconsin-Milwaukee-USA-) https:\/\/www.youtube.com\/watch?v=6U6HTO6ZzGo T\u00edtulo: Fenotipos cognitivos en artr\u00f3podos: abriendo la caja negra del <a href=\"https:\/\/www.labre.com.ar\/es\/seminarios-labre\/\" rel=\"nofollow\"><span class=\"sr-only\">Read more about Seminarios LABRE<\/span>[&hellip;]<\/a><\/p>\n","protected":false},"author":5,"featured_media":0,"parent":0,"menu_order":0,"comment_status":"closed","ping_status":"closed","template":"","meta":{"footnotes":""},"_links":{"self":[{"href":"https:\/\/www.labre.com.ar\/es\/wp-json\/wp\/v2\/pages\/1146"}],"collection":[{"href":"https:\/\/www.labre.com.ar\/es\/wp-json\/wp\/v2\/pages"}],"about":[{"href":"https:\/\/www.labre.com.ar\/es\/wp-json\/wp\/v2\/types\/page"}],"author":[{"embeddable":true,"href":"https:\/\/www.labre.com.ar\/es\/wp-json\/wp\/v2\/users\/5"}],"replies":[{"embeddable":true,"href":"https:\/\/www.labre.com.ar\/es\/wp-json\/wp\/v2\/comments?post=1146"}],"version-history":[{"count":4,"href":"https:\/\/www.labre.com.ar\/es\/wp-json\/wp\/v2\/pages\/1146\/revisions"}],"predecessor-version":[{"id":1171,"href":"https:\/\/www.labre.com.ar\/es\/wp-json\/wp\/v2\/pages\/1146\/revisions\/1171"}],"wp:attachment":[{"href":"https:\/\/www.labre.com.ar\/es\/wp-json\/wp\/v2\/media?parent=1146"}],"curies":[{"name":"wp","href":"https:\/\/api.w.org\/{rel}","templated":true}]}}