{"id":111,"date":"2016-08-18T21:22:08","date_gmt":"2016-08-19T00:22:08","guid":{"rendered":"http:\/\/localhost\/lab\/?page_id=111"},"modified":"2020-10-22T13:56:33","modified_gmt":"2020-10-22T16:56:33","slug":"oportunidades","status":"publish","type":"page","link":"https:\/\/www.labre.com.ar\/es\/oportunidades\/","title":{"rendered":"Oportunidades"},"content":{"rendered":"<p><i><span style=\"font-weight: 400;\">En nuestro laboratorio estamos abiertos a recibir pasantes, tanto estudiantes como egresados, para perfeccionarse en el campo de la Biolog\u00eda Reproductiva <\/span><\/i><i><span style=\"font-weight: 400;\">y Evoluci\u00f3n <\/span><\/i><i><span style=\"font-weight: 400;\">de Artr\u00f3podos.<\/span><\/i><\/p>\n<hr \/>\n<p>En la medida de las posibilidades se pueden plantear proyectos en conjunto financiados o becas, para poder cubrir los gastos de estad\u00eda e investigaci\u00f3n. Contamos con apoyo de proyectos sobre selecci\u00f3n sexual del CONICET, SECYT-UNC y FONCyT,\u00a0<span style=\"font-weight: 400;\">y sobre evoluci\u00f3n de escorpiones de la National Science Foundation (NSF).<\/span><\/p>\n<p>Si tienes inter\u00e9s, escribe a la direcci\u00f3n de email de contacto, para poder conversar mejor sobre los temas puntuales abiertos y\u00a0 las posibilidades de recibirte e iniciar una cooperaci\u00f3n.<\/p>\n<p>&nbsp;<\/p>\n<table>\n<tbody>\n<tr>\n<th><a href=\"http:\/\/www.conicet.gov.ar\"><img loading=\"lazy\" decoding=\"async\" class=\"alignnone wp-image-476 \" src=\"https:\/\/www.labre.com.ar\/wp-content\/uploads\/2016\/08\/Logo-Conicet-e1488917520618.jpg\" width=\"231\" height=\"179\" \/><\/a><\/th>\n<th><a href=\"http:\/\/www.agencia.mincyt.gob.ar\/frontend\/agencia\/instrumentos\/3\"><img loading=\"lazy\" decoding=\"async\" class=\"alignnone wp-image-479 size-full\" src=\"https:\/\/www.labre.com.ar\/wp-content\/uploads\/2016\/08\/Logo-Foncyt-e1488917499247.png\" width=\"275\" height=\"136\" srcset=\"https:\/\/www.labre.com.ar\/wp-content\/uploads\/2016\/08\/Logo-Foncyt-e1488917499247.png 275w, https:\/\/www.labre.com.ar\/wp-content\/uploads\/2016\/08\/Logo-Foncyt-e1488917499247-272x136.png 272w\" sizes=\"(max-width: 275px) 100vw, 275px\" \/><\/a><\/th>\n<th><a href=\"https:\/\/www.unc.edu.ar\/ciencia-y-tecnolog\u00eda\/\"><img loading=\"lazy\" decoding=\"async\" class=\"alignnone wp-image-480 \" src=\"https:\/\/www.labre.com.ar\/wp-content\/uploads\/2016\/08\/Logo-SECyT-e1488917582794.png\" width=\"286\" height=\"132\" srcset=\"https:\/\/www.labre.com.ar\/wp-content\/uploads\/2016\/08\/Logo-SECyT-e1488917582794.png 275w, https:\/\/www.labre.com.ar\/wp-content\/uploads\/2016\/08\/Logo-SECyT-e1488917582794-272x127.png 272w\" sizes=\"(max-width: 286px) 100vw, 286px\" \/><\/a><\/th>\n<\/tr>\n<\/tbody>\n<\/table>\n<p><\/p>","protected":false},"excerpt":{"rendered":"<p>En nuestro laboratorio estamos abiertos a recibir pasantes, tanto estudiantes como egresados, para perfeccionarse en el campo de la Biolog\u00eda Reproductiva y Evoluci\u00f3n de Artr\u00f3podos. En la medida de las posibilidades se pueden plantear proyectos en conjunto financiados o becas, para poder cubrir los gastos de estad\u00eda e investigaci\u00f3n. Contamos con apoyo de proyectos sobre <a href=\"https:\/\/www.labre.com.ar\/es\/oportunidades\/\" rel=\"nofollow\"><span class=\"sr-only\">Read more about Oportunidades<\/span>[&hellip;]<\/a><\/p>\n","protected":false},"author":4,"featured_media":0,"parent":0,"menu_order":0,"comment_status":"closed","ping_status":"closed","template":"","meta":{"footnotes":""},"_links":{"self":[{"href":"https:\/\/www.labre.com.ar\/es\/wp-json\/wp\/v2\/pages\/111"}],"collection":[{"href":"https:\/\/www.labre.com.ar\/es\/wp-json\/wp\/v2\/pages"}],"about":[{"href":"https:\/\/www.labre.com.ar\/es\/wp-json\/wp\/v2\/types\/page"}],"author":[{"embeddable":true,"href":"https:\/\/www.labre.com.ar\/es\/wp-json\/wp\/v2\/users\/4"}],"replies":[{"embeddable":true,"href":"https:\/\/www.labre.com.ar\/es\/wp-json\/wp\/v2\/comments?post=111"}],"version-history":[{"count":27,"href":"https:\/\/www.labre.com.ar\/es\/wp-json\/wp\/v2\/pages\/111\/revisions"}],"predecessor-version":[{"id":1018,"href":"https:\/\/www.labre.com.ar\/es\/wp-json\/wp\/v2\/pages\/111\/revisions\/1018"}],"wp:attachment":[{"href":"https:\/\/www.labre.com.ar\/es\/wp-json\/wp\/v2\/media?parent=111"}],"curies":[{"name":"wp","href":"https:\/\/api.w.org\/{rel}","templated":true}]}}