{"id":988,"date":"2020-05-18T11:13:38","date_gmt":"2020-05-18T14:13:38","guid":{"rendered":"https:\/\/www.labre.com.ar\/?page_id=988"},"modified":"2020-05-18T11:13:38","modified_gmt":"2020-05-18T14:13:38","slug":"catalina-simian","status":"publish","type":"page","link":"https:\/\/www.labre.com.ar\/en\/catalina-simian\/","title":{"rendered":"Catalina Simian"},"content":{"rendered":"<p><\/p>\n<p style=\"text-align: justify; vertical-align: baseline; margin: 0cm 0cm 18.0pt 0cm;\"><span style=\"font-family: 'Arial',sans-serif; color: #404040;\">CONICET Internship Doctoral fellow, Instituto de Diversidad y Ecolog\u00eda Animal (IDEA).<\/span><\/p>\n<p style=\"text-align: justify; vertical-align: baseline; margin: 0cm 0cm 18.0pt 0cm;\"><span style=\"font-family: 'Arial',sans-serif; color: #404040;\"><img loading=\"lazy\" decoding=\"async\" class=\"size-medium wp-image-987 alignleft\" src=\"https:\/\/www.labre.com.ar\/wp-content\/uploads\/2020\/05\/cata-300x300.jpg\" alt=\"cata\" width=\"300\" height=\"300\" srcset=\"https:\/\/www.labre.com.ar\/wp-content\/uploads\/2020\/05\/cata-300x300.jpg 300w, https:\/\/www.labre.com.ar\/wp-content\/uploads\/2020\/05\/cata-150x150.jpg 150w, https:\/\/www.labre.com.ar\/wp-content\/uploads\/2020\/05\/cata-768x768.jpg 768w, https:\/\/www.labre.com.ar\/wp-content\/uploads\/2020\/05\/cata-1024x1024.jpg 1024w, https:\/\/www.labre.com.ar\/wp-content\/uploads\/2020\/05\/cata-250x250.jpg 250w, https:\/\/www.labre.com.ar\/wp-content\/uploads\/2020\/05\/cata-174x174.jpg 174w, https:\/\/www.labre.com.ar\/wp-content\/uploads\/2020\/05\/cata.jpg 1456w\" sizes=\"(max-width: 300px) 100vw, 300px\" \/><\/span><\/p>\n<p>PhD Student of Facultad de Ciencias Exactas, F\u00edsicas y Naturales, Universidad Nacional de C\u00f3rdoba.<\/p>\n<p>In 2020 I graduated as a Biologist, from the Facultad de Ciencias Exactas F\u00edsicas y Naturales, Universidad Nacional de C\u00f3rdoba. During<\/p>\n<p style=\"text-align: justify; vertical-align: baseline; margin: 0cm 0cm 18.0pt 0cm;\"><span style=\"font-family: 'Arial',sans-serif; color: #404040;\">my time as a laboratory assistant I had the opportunity to get to know and collaborate with some of the lines of work performed there. This is how, with time, my interest in Arthropods and the study of Sexual Selection increased, which eventually led me to want to dedicate my doctoral research to it. This led to the development of my thesis plan &#8220;Reproductive biology in Solifuges (Arachnida, Solifugae): an approach from sexual selection&#8221;, which covers the analysis mainly of morphological, morphofunctional and spermatic aspects of the reproductive biology of two species of Solifuges,&nbsp;<\/span><i><span style=\"color: #222222;\">Nothopuga <\/span><\/i><span style=\"color: #222222;\">sp. and&nbsp;<\/span><i><span style=\"font-family: 'Arial',sans-serif; color: #404040;\">Oltacola chacoensis,<\/span><\/i><span style=\"font-family: 'Arial',sans-serif; color: #404040;\"> which live in the Salinas Grandes de C\u00f3rdoba.&nbsp; These animals have been poorly studied, and these species are of particular interest in the field of Sexual Selection as they possess opposite reproductive strategies, where one has a markedly persuasive courtship and the other develops copulation in a coercive manner. My thesis is directed by Dr. Alfredo Peretti and Dr. David Vrech at the Laboratory of Reproductive Biology and Evolution, IDEA- FCEFyN.<\/span><\/p>\n<p><\/p>","protected":false},"excerpt":{"rendered":"<p>CONICET Internship Doctoral fellow, Instituto de Diversidad y Ecolog\u00eda Animal (IDEA). PhD Student of Facultad de Ciencias Exactas, F\u00edsicas y Naturales, Universidad Nacional de C\u00f3rdoba. In 2020 I graduated as a Biologist, from the Facultad de Ciencias Exactas F\u00edsicas y Naturales, Universidad Nacional de C\u00f3rdoba. During my time as a laboratory assistant I had the <a href=\"https:\/\/www.labre.com.ar\/en\/catalina-simian\/\" rel=\"nofollow\"><span class=\"sr-only\">Read more about Catalina Simian<\/span>[&hellip;]<\/a><\/p>\n","protected":false},"author":5,"featured_media":0,"parent":0,"menu_order":0,"comment_status":"closed","ping_status":"closed","template":"","meta":{"footnotes":""},"_links":{"self":[{"href":"https:\/\/www.labre.com.ar\/en\/wp-json\/wp\/v2\/pages\/988"}],"collection":[{"href":"https:\/\/www.labre.com.ar\/en\/wp-json\/wp\/v2\/pages"}],"about":[{"href":"https:\/\/www.labre.com.ar\/en\/wp-json\/wp\/v2\/types\/page"}],"author":[{"embeddable":true,"href":"https:\/\/www.labre.com.ar\/en\/wp-json\/wp\/v2\/users\/5"}],"replies":[{"embeddable":true,"href":"https:\/\/www.labre.com.ar\/en\/wp-json\/wp\/v2\/comments?post=988"}],"version-history":[{"count":1,"href":"https:\/\/www.labre.com.ar\/en\/wp-json\/wp\/v2\/pages\/988\/revisions"}],"predecessor-version":[{"id":989,"href":"https:\/\/www.labre.com.ar\/en\/wp-json\/wp\/v2\/pages\/988\/revisions\/989"}],"wp:attachment":[{"href":"https:\/\/www.labre.com.ar\/en\/wp-json\/wp\/v2\/media?parent=988"}],"curies":[{"name":"wp","href":"https:\/\/api.w.org\/{rel}","templated":true}]}}