{"id":250,"date":"2016-10-13T22:01:54","date_gmt":"2016-10-14T01:01:54","guid":{"rendered":"http:\/\/localhost\/lab\/?page_id=250"},"modified":"2020-04-17T11:21:50","modified_gmt":"2020-04-17T14:21:50","slug":"matias-izquierdo","status":"publish","type":"page","link":"https:\/\/www.labre.com.ar\/en\/matias-izquierdo\/","title":{"rendered":"Dr. Matias Izquierdo"},"content":{"rendered":"<p><em>Assistant Researcher at CONICET, Instituto de Diversidad y Ecolog\u00eda Animal (IDEA).<\/em><\/p>\n<p>&nbsp;<\/p>\n<hr \/>\n<p><span lang=\"en\"><span title=\"Investigador Asistente del CONICET, Instituto de Diversidad y Ecolog\u00eda Animal (IDEA). \"><br \/>\n<em><img loading=\"lazy\" decoding=\"async\" class=\"wp-image-387 alignleft\" src=\"http:\/\/localhost\/lab\/wp-content\/uploads\/2016\/10\/mati-300x300.jpg\" alt=\"mati\" width=\"216\" height=\"216\" srcset=\"https:\/\/www.labre.com.ar\/wp-content\/uploads\/2016\/10\/mati-300x300.jpg 300w, https:\/\/www.labre.com.ar\/wp-content\/uploads\/2016\/10\/mati-150x150.jpg 150w, https:\/\/www.labre.com.ar\/wp-content\/uploads\/2016\/10\/mati-768x768.jpg 768w, https:\/\/www.labre.com.ar\/wp-content\/uploads\/2016\/10\/mati-250x250.jpg 250w, https:\/\/www.labre.com.ar\/wp-content\/uploads\/2016\/10\/mati-174x174.jpg 174w, https:\/\/www.labre.com.ar\/wp-content\/uploads\/2016\/10\/mati.jpg 960w\" sizes=\"(max-width: 216px) 100vw, 216px\" \/><\/em><\/span><\/span><\/p>\n<p>I graduate as Biologist in 2008 at Facultad de Ciencias Exactas, F\u00edsicas y Naturales (Cordoba National University). During the period from 2009 to 2014 I worked at Museo Argentino de Ciencias Naturales \u201cBernardino Rivadavia\u201d from Buenos Aires, where I developed my PhD project granted by CONICET.<\/p>\n<p>My research line was the taxonomic revision and phylogeny of the genus\u00a0<em>Orchestina\u00a0<\/em>(Oonopidae) from America. This project was part of a bigger one whose main goal was the comprehensive revision of the family Oonopidae, which also includes other researchers of Argentina and the world. Besides, I also participate in the AToL project, aimed to unveil the phylogenetic tree of all spiders. My main interests are taxonomy, phylogeny, and morphology of Synspermiata spiders with emphasis on the superfamily Dysderoidea. Nowadays, I\u2019m part of the Laboratorio de Biolog\u00eda Reproductiva y Evoluci\u00f3n at Instituto IDEA (C\u00f3rdoba), working on different aspects of the biology of Ninetinae spiders (Pholcidae) and related families, especially taxonomy, biogeography, and behavior.<\/p>\n<p>E-mail: <a href=\"mailto:matias_iz@outlook.com\">matias_iz@outlook.com<\/a><\/p>","protected":false},"excerpt":{"rendered":"<p>Assistant Researcher at CONICET, Instituto de Diversidad y Ecolog\u00eda Animal (IDEA). &nbsp; I graduate as Biologist in 2008 at Facultad de Ciencias Exactas, F\u00edsicas y Naturales (Cordoba National University). During the period from 2009 to 2014 I worked at Museo Argentino de Ciencias Naturales \u201cBernardino Rivadavia\u201d from Buenos Aires, where I developed my PhD project <a href=\"https:\/\/www.labre.com.ar\/en\/matias-izquierdo\/\" rel=\"nofollow\"><span class=\"sr-only\">Read more about Dr. Matias Izquierdo<\/span>[&hellip;]<\/a><\/p>\n","protected":false},"author":4,"featured_media":0,"parent":0,"menu_order":0,"comment_status":"closed","ping_status":"closed","template":"","meta":{"footnotes":""},"_links":{"self":[{"href":"https:\/\/www.labre.com.ar\/en\/wp-json\/wp\/v2\/pages\/250"}],"collection":[{"href":"https:\/\/www.labre.com.ar\/en\/wp-json\/wp\/v2\/pages"}],"about":[{"href":"https:\/\/www.labre.com.ar\/en\/wp-json\/wp\/v2\/types\/page"}],"author":[{"embeddable":true,"href":"https:\/\/www.labre.com.ar\/en\/wp-json\/wp\/v2\/users\/4"}],"replies":[{"embeddable":true,"href":"https:\/\/www.labre.com.ar\/en\/wp-json\/wp\/v2\/comments?post=250"}],"version-history":[{"count":12,"href":"https:\/\/www.labre.com.ar\/en\/wp-json\/wp\/v2\/pages\/250\/revisions"}],"predecessor-version":[{"id":985,"href":"https:\/\/www.labre.com.ar\/en\/wp-json\/wp\/v2\/pages\/250\/revisions\/985"}],"wp:attachment":[{"href":"https:\/\/www.labre.com.ar\/en\/wp-json\/wp\/v2\/media?parent=250"}],"curies":[{"name":"wp","href":"https:\/\/api.w.org\/{rel}","templated":true}]}}