{"id":1792,"date":"2024-05-14T09:26:26","date_gmt":"2024-05-14T12:26:26","guid":{"rendered":"https:\/\/www.labre.com.ar\/?page_id=1792"},"modified":"2024-05-14T09:34:43","modified_gmt":"2024-05-14T12:34:43","slug":"docencia","status":"publish","type":"page","link":"https:\/\/www.labre.com.ar\/en\/docencia\/","title":{"rendered":"Teaching"},"content":{"rendered":"<h3><span style=\"color: #000000;\"><strong>Docencia de grado<\/strong>\u00a0<\/span><em>(Carrera en Cs. Biol\u00f3gicas\u00a0FCEFyN &#8211; UNC)<\/em><\/h3>\n<p>&nbsp;<\/p>\n<h4><strong>Diversidad Biol\u00f3gica II e Introducci\u00f3n a la Aracnolog\u00eda<\/strong><\/h4>\n<p><em><strong>Docentes<\/strong><\/em>:<\/p>\n<ul>\n<li><strong>Dr. Alfredo V. Peretti<\/strong> (Prof. Asociado)<\/li>\n<li><strong>Dr. Camilo I. Mattoni<\/strong> (Prof. Asociado)<\/li>\n<li><strong>Dr. Alejandra Ceballos de Lourdes<\/strong> (Prof. Adjunta)<\/li>\n<li><strong>Dr. David E. Vrech<\/strong> (Prof. Asistente)<\/li>\n<li><strong>Dr. Franco Cargnelutti<\/strong> (Prof. Asistente)<\/li>\n<li><strong>Biol. Rocio Palen-Pietri<\/strong> (Prof. Ayudante A)<\/li>\n<\/ul>\n<p><a href=\"https:\/\/sites.google.com\/view\/diversidad-biologica-2\/\">https:\/\/sites.google.com\/view\/diversidad-biologica-2\/<\/a><\/p>\n<p>&nbsp;<\/p>\n<h4><strong>Teor\u00eda\u00a0y M\u00e9todos Taxon\u00f3micos<\/strong><\/h4>\n<p><strong><em>Docente: <\/em><\/strong><\/p>\n<ul>\n<li><strong>Dr. Camilo I. Mattoni<\/strong> (Prof. Asociado)<\/li>\n<\/ul>\n<p><a href=\"https:\/\/sites.google.com\/imbiv.unc.edu.ar\/teoriaymetodostaxonomicos\/inicio\">https:\/\/sites.google.com\/imbiv.unc.edu.ar\/teoriaymetodostaxonomicos\/inicio<\/a><\/p>\n<p>&nbsp;<\/p>\n<h4><strong>Entomolog\u00eda<\/strong><\/h4>\n<p><em><strong>Docente: <\/strong><\/em><\/p>\n<ul>\n<li><strong>Dra. Mariela Oviedo-Diego<\/strong> (Aspirante a Adscripta)<\/li>\n<\/ul>\n<p><a href=\"https:\/\/fcefyn.unc.edu.ar\/facultad\/secretarias\/academica\/departamentos\/diversidad-biologica-y-ecologica\/entomologia\/\">https:\/\/fcefyn.unc.edu.ar\/facultad\/secretarias\/academica\/departamentos\/diversidad-biologica-y-ecologica\/entomologia\/<\/a><\/p>\n<p>&nbsp;<\/p>\n","protected":false},"excerpt":{"rendered":"<p>Docencia de grado\u00a0(Carrera en Cs. Biol\u00f3gicas\u00a0FCEFyN &#8211; UNC) &nbsp; Diversidad Biol\u00f3gica II e Introducci\u00f3n a la Aracnolog\u00eda Docentes: Dr. Alfredo V. Peretti (Prof. Asociado) Dr. Camilo I. Mattoni (Prof. Asociado) Dr. Alejandra Ceballos de Lourdes (Prof. Adjunta) Dr. David E. Vrech (Prof. Asistente) Dr. Franco Cargnelutti (Prof. Asistente) Biol. Rocio Palen-Pietri (Prof. Ayudante A) https:\/\/sites.google.com\/view\/diversidad-biologica-2\/ <a href=\"https:\/\/www.labre.com.ar\/en\/docencia\/\" rel=\"nofollow\"><span class=\"sr-only\">Read more about Teaching<\/span>[&hellip;]<\/a><\/p>\n","protected":false},"author":5,"featured_media":0,"parent":0,"menu_order":0,"comment_status":"closed","ping_status":"closed","template":"","meta":{"footnotes":""},"_links":{"self":[{"href":"https:\/\/www.labre.com.ar\/en\/wp-json\/wp\/v2\/pages\/1792"}],"collection":[{"href":"https:\/\/www.labre.com.ar\/en\/wp-json\/wp\/v2\/pages"}],"about":[{"href":"https:\/\/www.labre.com.ar\/en\/wp-json\/wp\/v2\/types\/page"}],"author":[{"embeddable":true,"href":"https:\/\/www.labre.com.ar\/en\/wp-json\/wp\/v2\/users\/5"}],"replies":[{"embeddable":true,"href":"https:\/\/www.labre.com.ar\/en\/wp-json\/wp\/v2\/comments?post=1792"}],"version-history":[{"count":2,"href":"https:\/\/www.labre.com.ar\/en\/wp-json\/wp\/v2\/pages\/1792\/revisions"}],"predecessor-version":[{"id":1797,"href":"https:\/\/www.labre.com.ar\/en\/wp-json\/wp\/v2\/pages\/1792\/revisions\/1797"}],"wp:attachment":[{"href":"https:\/\/www.labre.com.ar\/en\/wp-json\/wp\/v2\/media?parent=1792"}],"curies":[{"name":"wp","href":"https:\/\/api.w.org\/{rel}","templated":true}]}}